{"id":6787,"date":"2017-12-11T16:43:11","date_gmt":"2017-12-11T15:43:11","guid":{"rendered":"https:\/\/www.silvereco.org\/festival\/fr\/?page_id=6787"},"modified":"2026-01-22T14:24:15","modified_gmt":"2026-01-22T13:24:15","slug":"trophees-10-questions","status":"publish","type":"page","link":"https:\/\/www.silvereco.org\/festival\/fr\/trophees-10-questions\/","title":{"rendered":"Les Troph\u00e9es en 10 questions"},"content":{"rendered":"\n<div class=\"wp-block-columns is-layout-flex wp-container-core-columns-is-layout-28f84493 wp-block-columns-is-layout-flex\">\n<div class=\"wp-block-column is-layout-flow wp-block-column-is-layout-flow\">\n<h4 class=\"wp-block-heading\"><strong> Les Troph\u00e9es SilverEco, pour qui ? <\/strong><\/h4>\n\n\n\n<ul class=\"wp-block-list\">\n<li>Les Troph\u00e9es SilverEco sont devenus au fil des ans un des prix de r\u00e9f\u00e9rence pour TOUS les acteurs de la Silver \u00e9conomie.<\/li>\n\n\n\n<li>C\u2019est surtout un formidable moyen de mettre en exergue le travail de tous les acteurs, leurs m\u00e9tiers, le travail de leurs \u00e9quipes et leurs produits ou services.<\/li>\n\n\n\n<li>Le cin\u00e9ma a ses C\u00e9sars, la musique a ses Victoires,&nbsp;la SilverEco a ses Troph\u00e9es.<\/li>\n<\/ul>\n\n\n\n<h4 class=\"wp-block-heading\"><strong>Pourquoi concourir ?<\/strong><\/h4>\n\n\n\n<ul class=\"wp-block-list\">\n<li>Vos projets et innovations pr\u00e9sent\u00e9s \u00e0 un jury d\u2019experts reconnus et r\u00e9compens\u00e9s par un Troph\u00e9e SilverEco, gage de cr\u00e9dibilit\u00e9 et reconnaissance de l\u2019\u00e9cosyst\u00e8me.<\/li>\n\n\n\n<li>Votre image et notori\u00e9t\u00e9 renforc\u00e9es par la pr\u00e9sentation de votre projet devant des professionnels et experts de la Silver \u00e9conomie.<\/li>\n\n\n\n<li>Une forte visibilit\u00e9 durant l\u2019\u00e9v\u00e8nement et des retomb\u00e9es m\u00e9diatiques.<\/li>\n\n\n\n<li>Votre projet largement relay\u00e9 sur le site de l\u2019\u00e9v\u00e8nement, sur le Portail national de la Silver \u00e9conomie et sur les r\u00e9seaux sociaux.<\/li>\n\n\n\n<li>Pour tous les laur\u00e9ats\u202f: un large dispositif de communication incluant un pack de 5000 \u20ac comprenant un r\u00e9f\u00e9rencement et accompagnement via le portail national de la Silver Economie SilverEco.org, actualit\u00e9s d\u00e9di\u00e9es sur SilverEco.org, sur les r\u00e9seaux sociaux, la pr\u00e9sentation des projets laur\u00e9ats dans le communiqu\u00e9 de presse et le dossier de presse de l\u2019\u00e9v\u00e8nement, ainsi que la promotion des laur\u00e9ats sur le site de l&#8217;\u00e9v\u00e9nement.<\/li>\n\n\n\n<li>Sans oublier votre engagement \u00e0 co-construire la SilverEco de demain mis en valeur !<\/li>\n<\/ul>\n\n\n\n<h4 class=\"wp-block-heading\"><strong>Pouvons nous en savoir plus sur les crit\u00e8res de s\u00e9lection ?<\/strong><\/h4>\n\n\n\n<ul class=\"wp-block-list\">\n<li>Les dossiers nomin\u00e9s sont \u00e9valu\u00e9s sur les crit\u00e8res suivants :\n<ul class=\"wp-block-list\">\n<li>int\u00e9r\u00eat du produit \/ service<\/li>\n\n\n\n<li>originalit\u00e9 et \/ou innovation<\/li>\n\n\n\n<li>r\u00e9sultats obtenus ou attendus\/faisabilit\u00e9<\/li>\n\n\n\n<li>implication du porteur de projet<\/li>\n\n\n\n<li>b\u00e9n\u00e9fice au sens large pour la Silver \u00e9conomie \/le bien-vieillir.<\/li>\n<\/ul>\n<\/li>\n<\/ul>\n\n\n\n<h4 class=\"wp-block-heading\"><strong>Comment avons-nous \u00e9t\u00e9 s\u00e9lectionn\u00e9s ?<\/strong><\/h4>\n\n\n\n<ul class=\"wp-block-list\">\n<li>A r\u00e9ception, les dossiers de candidature sont examin\u00e9s par l\u2019organisateur qui s\u2019entourera au besoin d\u2019expertises tierces afin de d\u00e9cider quels dossiers sont \u00e9ventuellement nomin\u00e9s, et quel(s) type(s) de cat\u00e9gorie(s) de Troph\u00e9e(s) correspond(ent) le mieux \u00e0 la candidature propos\u00e9e.<\/li>\n<\/ul>\n\n\n\n<h4 class=\"wp-block-heading\"><strong>Quelles sont les cat\u00e9gories propos\u00e9es ?<\/strong><\/h4>\n\n\n\n<ul class=\"wp-block-list\">\n<li>Nous avons fait le choix de ne plus imposer de cat\u00e9gorie depuis plusieurs ann\u00e9es.<\/li>\n\n\n\n<li>La Silver \u00e9conomie \u00e9voluant chaque jour, nous avons d\u00e9cid\u00e9 de prendre une \u00ab photographie&nbsp; \u00e0 l\u2019instant T \u00bb de l\u2019\u00e9cosyst\u00e8me.<\/li>\n\n\n\n<li>Nous avons donc mis\u00e9 sur le fait de donner un libre choix de cat\u00e9gorie aux candidats : ces derniers peuvent effectuer 3 choix, dans l\u2019ordre de pr\u00e9f\u00e9rence des domaines dans lesquels ils estiment \u00eatre le plus proche. Puis, \u00e0 r\u00e9ception de l\u2019ensemble des dossiers, nous allons identifier les cat\u00e9gories qui se d\u00e9gagent et estimer quelles seront les cat\u00e9gories d\u00e9finitives des Troph\u00e9es SilverEco de l\u2019ann\u00e9e.<\/li>\n<\/ul>\n\n\n\n<h4 class=\"wp-block-heading\"><strong>O\u00f9 et quand se d\u00e9roulera la prochaine c\u00e9r\u00e9monie de remise de prix ?<\/strong><\/h4>\n\n\n\n<ul class=\"wp-block-list\">\n<li>La c\u00e9r\u00e9monie se d\u00e9roulera dans amphith\u00e9\u00e2tre principal du Palais des Festivals de Cannes dans la soir\u00e9e du 14 septembre 2026.<\/li>\n\n\n\n<li>Le grand oral devant le Jury se tient le jour m\u00eame \u00e0 partir de 10h00.<\/li>\n\n\n\n<li>Tous les Nomin\u00e9s b\u00e9n\u00e9ficient de Pass d\u2019acc\u00e8s pour les 2 jours du Festival B2B : rencontres d\u2019affaires, speed meetings, forum expo\u2026<\/li>\n<\/ul>\n\n\n\n<h4 class=\"wp-block-heading\"><strong>Comment pr\u00e9parer notre candidature ?<\/strong><\/h4>\n\n\n\n<ul class=\"wp-block-list\">\n<li>Pour candidater aux Troph\u00e9es SilverEco, il faut nous transmettre un \u00e9l\u00e9ment obligatoire : le dossier de candidature.<\/li>\n\n\n\n<li>Vous pouvez en faire la demande en remplissant <a href=\"http:\/\/www.silvereco.org\/festival\/fr\/contact-2\/\">ce formulaire d\u00e9di\u00e9<\/a><\/li>\n\n\n\n<li>Vous pouvez joindre tout document compl\u00e9mentaire si vous le souhaitez : brochure, article de presse, flyers, etc.<\/li>\n<\/ul>\n\n\n\n<h4 class=\"wp-block-heading\"><strong>Quelles sont les diff\u00e9rentes \u00e9tapes des Troph\u00e9es SilverEco ?<\/strong><\/h4>\n\n\n\n<ul class=\"wp-block-list\">\n<li>Remplir soigneusement le dossier de candidature.<\/li>\n\n\n\n<li>D\u00e9p\u00f4t gratuit du dossier \u00e0 retourner par mail \u00e0 ypoulin@silvereco.net&nbsp;\/ <i>event@on-medio.com<\/i><\/li>\n\n\n\n<li>S\u00e9lection des nomin\u00e9s par le comit\u00e9 de pr\u00e9-s\u00e9l\u00e9ction.<\/li>\n\n\n\n<li>Au fur et \u00e0 mesure des validations des nomin\u00e9s les candidats retenus recevront un mail leur annon\u00e7ant leur nomination.<\/li>\n\n\n\n<li>Lundi 14 septembre 2026 : Grand Oral de pr\u00e9sentation des projets au Jury d\u2019experts<\/li>\n\n\n\n<li>Lundi 14 septembre 2026 \u00e0 18h00 : Soir\u00e9e de gala SilverNight et annonce des Laur\u00e9ats au Palais des Festivals<\/li>\n<\/ul>\n\n\n\n<h4 class=\"wp-block-heading\"><strong>Comment s\u2019effectue le choix final des laur\u00e9ats ?<\/strong><\/h4>\n\n\n\n<ul class=\"wp-block-list\">\n<li>Les laur\u00e9ats sont choisis par le Jury compos\u00e9 d\u2019experts et de personnalit\u00e9s de la Silver Economie.<\/li>\n\n\n\n<li>Apr\u00e8s analyse des diff\u00e9rents dossiers nomin\u00e9s, ces derniers d\u00e9cerneront les troph\u00e9es lors de la soir\u00e9e de gala le 14 septembre 2026 au Palais des Festivals \u00e0 Cannes.<\/li>\n\n\n\n<li>Un prix sp\u00e9cial du public est \u00e9galement d\u00e9cern\u00e9 : les internautes peuvent voter pour leur candidat favori et les 3 finalistes seront d\u00e9partag\u00e9s le soir de la remise des troph\u00e9es par le public dans l\u2019amphith\u00e9\u00e2tre du Palais des Festivals.<\/li>\n\n\n\n<li>Enfin un prix sp\u00e9cial Jury Senior est \u00e9galement d\u00e9cern\u00e9 par un Jury de Seniors si le dossier Nomin\u00e9 a \u00e9t\u00e9 pr\u00e9s\u00e9lectionn\u00e9 pour ce Jury.<\/li>\n<\/ul>\n\n\n\n<h4 class=\"wp-block-heading\"><strong>Les Troph\u00e9es SilverEco sont organis\u00e9s par qui ?<\/strong><\/h4>\n\n\n\n<ul class=\"wp-block-list\">\n<li>Les Troph\u00e9es SilverEco sont organis\u00e9s par ON-MEDIO, pr\u00e9sid\u00e9e par J\u00e9r\u00f4me PIGNIEZ.<\/li>\n\n\n\n<li>ON-MEDIO \u00e9dite Silvereco.org, le portail national de la Silver \u00e9conomie.<\/li>\n\n\n\n<li>Depuis leur cr\u00e9ation les Troph\u00e9es SilverEco b\u00e9n\u00e9ficient du patronage des Minist\u00e8res en charge du pilotage de la fili\u00e8re Silver \u00e9conomie bien-vieillir.<\/li>\n<\/ul>\n<\/div>\n<\/div>\n","protected":false},"excerpt":{"rendered":"<p>Les Troph\u00e9es SilverEco, pour qui ? Pourquoi concourir ? Pouvons nous en savoir plus sur les crit\u00e8res de s\u00e9lection ? Comment avons-nous \u00e9t\u00e9 s\u00e9lectionn\u00e9s ? Quelles sont les cat\u00e9gories propos\u00e9es ? O\u00f9 et quand se d\u00e9roulera la prochaine c\u00e9r\u00e9monie de remise de prix ? Comment pr\u00e9parer notre candidature ? Quelles sont les diff\u00e9rentes \u00e9tapes des [&hellip;]<\/p>\n","protected":false},"author":7,"featured_media":0,"parent":0,"menu_order":0,"comment_status":"closed","ping_status":"closed","template":"","meta":{"_uag_custom_page_level_css":"","site-sidebar-layout":"default","site-content-layout":"","ast-site-content-layout":"default","site-content-style":"default","site-sidebar-style":"default","ast-global-header-display":"","ast-banner-title-visibility":"","ast-main-header-display":"","ast-hfb-above-header-display":"","ast-hfb-below-header-display":"","ast-hfb-mobile-header-display":"","site-post-title":"","ast-breadcrumbs-content":"","ast-featured-img":"","footer-sml-layout":"","ast-disable-related-posts":"","theme-transparent-header-meta":"","adv-header-id-meta":"","stick-header-meta":"","header-above-stick-meta":"","header-main-stick-meta":"","header-below-stick-meta":"","astra-migrate-meta-layouts":"set","ast-page-background-enabled":"default","ast-page-background-meta":{"desktop":{"background-color":"var(--ast-global-color-4)","background-image":"","background-repeat":"repeat","background-position":"center center","background-size":"auto","background-attachment":"scroll","background-type":"","background-media":"","overlay-type":"","overlay-color":"","overlay-opacity":"","overlay-gradient":""},"tablet":{"background-color":"","background-image":"","background-repeat":"repeat","background-position":"center center","background-size":"auto","background-attachment":"scroll","background-type":"","background-media":"","overlay-type":"","overlay-color":"","overlay-opacity":"","overlay-gradient":""},"mobile":{"background-color":"","background-image":"","background-repeat":"repeat","background-position":"center center","background-size":"auto","background-attachment":"scroll","background-type":"","background-media":"","overlay-type":"","overlay-color":"","overlay-opacity":"","overlay-gradient":""}},"ast-content-background-meta":{"desktop":{"background-color":"var(--ast-global-color-5)","background-image":"","background-repeat":"repeat","background-position":"center center","background-size":"auto","background-attachment":"scroll","background-type":"","background-media":"","overlay-type":"","overlay-color":"","overlay-opacity":"","overlay-gradient":""},"tablet":{"background-color":"var(--ast-global-color-5)","background-image":"","background-repeat":"repeat","background-position":"center center","background-size":"auto","background-attachment":"scroll","background-type":"","background-media":"","overlay-type":"","overlay-color":"","overlay-opacity":"","overlay-gradient":""},"mobile":{"background-color":"var(--ast-global-color-5)","background-image":"","background-repeat":"repeat","background-position":"center center","background-size":"auto","background-attachment":"scroll","background-type":"","background-media":"","overlay-type":"","overlay-color":"","overlay-opacity":"","overlay-gradient":""}},"ngg_post_thumbnail":0,"footnotes":""},"categories":[],"class_list":["post-6787","page","type-page","status-publish","hentry"],"yoast_head":"<!-- This site is optimized with the Yoast SEO plugin v27.2 - https:\/\/yoast.com\/product\/yoast-seo-wordpress\/ -->\n<title>Les Troph\u00e9es en 10 questions - Salon de la fili\u00e8re Silver \u00e9conomie et Assises Silver Eco Bien-Vieillir<\/title>\n<meta name=\"robots\" content=\"index, follow, max-snippet:-1, max-image-preview:large, max-video-preview:-1\" \/>\n<link rel=\"canonical\" href=\"https:\/\/www.silvereco.org\/festival\/fr\/trophees-10-questions\/\" \/>\n<meta property=\"og:locale\" content=\"fr_FR\" \/>\n<meta property=\"og:type\" content=\"article\" \/>\n<meta property=\"og:title\" content=\"Les Troph\u00e9es en 10 questions - Salon de la fili\u00e8re Silver \u00e9conomie et Assises Silver Eco Bien-Vieillir\" \/>\n<meta property=\"og:description\" content=\"Les Troph\u00e9es SilverEco, pour qui ? Pourquoi concourir ? Pouvons nous en savoir plus sur les crit\u00e8res de s\u00e9lection ? Comment avons-nous \u00e9t\u00e9 s\u00e9lectionn\u00e9s ? Quelles sont les cat\u00e9gories propos\u00e9es ? O\u00f9 et quand se d\u00e9roulera la prochaine c\u00e9r\u00e9monie de remise de prix ? Comment pr\u00e9parer notre candidature ? Quelles sont les diff\u00e9rentes \u00e9tapes des [&hellip;]\" \/>\n<meta property=\"og:url\" content=\"https:\/\/www.silvereco.org\/festival\/fr\/trophees-10-questions\/\" \/>\n<meta property=\"og:site_name\" content=\"Salon de la fili\u00e8re Silver \u00e9conomie et Assises Silver Eco Bien-Vieillir\" \/>\n<meta property=\"article:modified_time\" content=\"2026-01-22T13:24:15+00:00\" \/>\n<meta name=\"twitter:card\" content=\"summary_large_image\" \/>\n<meta name=\"twitter:label1\" content=\"Dur\u00e9e de lecture estim\u00e9e\" \/>\n\t<meta name=\"twitter:data1\" content=\"4 minutes\" \/>\n<script type=\"application\/ld+json\" class=\"yoast-schema-graph\">{\"@context\":\"https:\/\/schema.org\",\"@graph\":[{\"@type\":\"WebPage\",\"@id\":\"https:\/\/www.silvereco.org\/festival\/fr\/trophees-10-questions\/\",\"url\":\"https:\/\/www.silvereco.org\/festival\/fr\/trophees-10-questions\/\",\"name\":\"Les Troph\u00e9es en 10 questions - Salon de la fili\u00e8re Silver \u00e9conomie et Assises Silver Eco Bien-Vieillir\",\"isPartOf\":{\"@id\":\"https:\/\/www.silvereco.org\/festival\/fr\/#website\"},\"datePublished\":\"2017-12-11T15:43:11+00:00\",\"dateModified\":\"2026-01-22T13:24:15+00:00\",\"breadcrumb\":{\"@id\":\"https:\/\/www.silvereco.org\/festival\/fr\/trophees-10-questions\/#breadcrumb\"},\"inLanguage\":\"fr-FR\",\"potentialAction\":[{\"@type\":\"ReadAction\",\"target\":[\"https:\/\/www.silvereco.org\/festival\/fr\/trophees-10-questions\/\"]}]},{\"@type\":\"BreadcrumbList\",\"@id\":\"https:\/\/www.silvereco.org\/festival\/fr\/trophees-10-questions\/#breadcrumb\",\"itemListElement\":[{\"@type\":\"ListItem\",\"position\":1,\"name\":\"Accueil\",\"item\":\"https:\/\/www.silvereco.org\/festival\/fr\/\"},{\"@type\":\"ListItem\",\"position\":2,\"name\":\"Les Troph\u00e9es en 10 questions\"}]},{\"@type\":\"WebSite\",\"@id\":\"https:\/\/www.silvereco.org\/festival\/fr\/#website\",\"url\":\"https:\/\/www.silvereco.org\/festival\/fr\/\",\"name\":\"Salon de la fili\u00e8re Silver \u00e9conomie et Assises Silver Eco\",\"description\":\"International Silver Economy and Ageing Well Festival\",\"publisher\":{\"@id\":\"https:\/\/www.silvereco.org\/festival\/fr\/#organization\"},\"potentialAction\":[{\"@type\":\"SearchAction\",\"target\":{\"@type\":\"EntryPoint\",\"urlTemplate\":\"https:\/\/www.silvereco.org\/festival\/fr\/?s={search_term_string}\"},\"query-input\":{\"@type\":\"PropertyValueSpecification\",\"valueRequired\":true,\"valueName\":\"search_term_string\"}}],\"inLanguage\":\"fr-FR\"},{\"@type\":\"Organization\",\"@id\":\"https:\/\/www.silvereco.org\/festival\/fr\/#organization\",\"name\":\"International Silver Economy and Ageing Well Festival\",\"url\":\"https:\/\/www.silvereco.org\/festival\/fr\/\",\"logo\":{\"@type\":\"ImageObject\",\"inLanguage\":\"fr-FR\",\"@id\":\"https:\/\/www.silvereco.org\/festival\/fr\/#\/schema\/logo\/image\/\",\"url\":\"https:\/\/www.silvereco.org\/festival\/fr\/wp-content\/medias\/2022\/12\/cropped-festival-silvereco-2020-2-300x93-1.png\",\"contentUrl\":\"https:\/\/www.silvereco.org\/festival\/fr\/wp-content\/medias\/2022\/12\/cropped-festival-silvereco-2020-2-300x93-1.png\",\"width\":300,\"height\":93,\"caption\":\"International Silver Economy and Ageing Well Festival\"},\"image\":{\"@id\":\"https:\/\/www.silvereco.org\/festival\/fr\/#\/schema\/logo\/image\/\"}}]}<\/script>\n<!-- \/ Yoast SEO plugin. -->","yoast_head_json":{"title":"Les Troph\u00e9es en 10 questions - Salon de la fili\u00e8re Silver \u00e9conomie et Assises Silver Eco Bien-Vieillir","robots":{"index":"index","follow":"follow","max-snippet":"max-snippet:-1","max-image-preview":"max-image-preview:large","max-video-preview":"max-video-preview:-1"},"canonical":"https:\/\/www.silvereco.org\/festival\/fr\/trophees-10-questions\/","og_locale":"fr_FR","og_type":"article","og_title":"Les Troph\u00e9es en 10 questions - Salon de la fili\u00e8re Silver \u00e9conomie et Assises Silver Eco Bien-Vieillir","og_description":"Les Troph\u00e9es SilverEco, pour qui ? Pourquoi concourir ? Pouvons nous en savoir plus sur les crit\u00e8res de s\u00e9lection ? Comment avons-nous \u00e9t\u00e9 s\u00e9lectionn\u00e9s ? Quelles sont les cat\u00e9gories propos\u00e9es ? O\u00f9 et quand se d\u00e9roulera la prochaine c\u00e9r\u00e9monie de remise de prix ? Comment pr\u00e9parer notre candidature ? Quelles sont les diff\u00e9rentes \u00e9tapes des [&hellip;]","og_url":"https:\/\/www.silvereco.org\/festival\/fr\/trophees-10-questions\/","og_site_name":"Salon de la fili\u00e8re Silver \u00e9conomie et Assises Silver Eco Bien-Vieillir","article_modified_time":"2026-01-22T13:24:15+00:00","twitter_card":"summary_large_image","twitter_misc":{"Dur\u00e9e de lecture estim\u00e9e":"4 minutes"},"schema":{"@context":"https:\/\/schema.org","@graph":[{"@type":"WebPage","@id":"https:\/\/www.silvereco.org\/festival\/fr\/trophees-10-questions\/","url":"https:\/\/www.silvereco.org\/festival\/fr\/trophees-10-questions\/","name":"Les Troph\u00e9es en 10 questions - Salon de la fili\u00e8re Silver \u00e9conomie et Assises Silver Eco Bien-Vieillir","isPartOf":{"@id":"https:\/\/www.silvereco.org\/festival\/fr\/#website"},"datePublished":"2017-12-11T15:43:11+00:00","dateModified":"2026-01-22T13:24:15+00:00","breadcrumb":{"@id":"https:\/\/www.silvereco.org\/festival\/fr\/trophees-10-questions\/#breadcrumb"},"inLanguage":"fr-FR","potentialAction":[{"@type":"ReadAction","target":["https:\/\/www.silvereco.org\/festival\/fr\/trophees-10-questions\/"]}]},{"@type":"BreadcrumbList","@id":"https:\/\/www.silvereco.org\/festival\/fr\/trophees-10-questions\/#breadcrumb","itemListElement":[{"@type":"ListItem","position":1,"name":"Accueil","item":"https:\/\/www.silvereco.org\/festival\/fr\/"},{"@type":"ListItem","position":2,"name":"Les Troph\u00e9es en 10 questions"}]},{"@type":"WebSite","@id":"https:\/\/www.silvereco.org\/festival\/fr\/#website","url":"https:\/\/www.silvereco.org\/festival\/fr\/","name":"Salon de la fili\u00e8re Silver \u00e9conomie et Assises Silver Eco","description":"International Silver Economy and Ageing Well Festival","publisher":{"@id":"https:\/\/www.silvereco.org\/festival\/fr\/#organization"},"potentialAction":[{"@type":"SearchAction","target":{"@type":"EntryPoint","urlTemplate":"https:\/\/www.silvereco.org\/festival\/fr\/?s={search_term_string}"},"query-input":{"@type":"PropertyValueSpecification","valueRequired":true,"valueName":"search_term_string"}}],"inLanguage":"fr-FR"},{"@type":"Organization","@id":"https:\/\/www.silvereco.org\/festival\/fr\/#organization","name":"International Silver Economy and Ageing Well Festival","url":"https:\/\/www.silvereco.org\/festival\/fr\/","logo":{"@type":"ImageObject","inLanguage":"fr-FR","@id":"https:\/\/www.silvereco.org\/festival\/fr\/#\/schema\/logo\/image\/","url":"https:\/\/www.silvereco.org\/festival\/fr\/wp-content\/medias\/2022\/12\/cropped-festival-silvereco-2020-2-300x93-1.png","contentUrl":"https:\/\/www.silvereco.org\/festival\/fr\/wp-content\/medias\/2022\/12\/cropped-festival-silvereco-2020-2-300x93-1.png","width":300,"height":93,"caption":"International Silver Economy and Ageing Well Festival"},"image":{"@id":"https:\/\/www.silvereco.org\/festival\/fr\/#\/schema\/logo\/image\/"}}]}},"uagb_featured_image_src":{"full":false,"thumbnail":false,"medium":false,"medium_large":false,"large":false,"1536x1536":false,"2048x2048":false},"uagb_author_info":{"display_name":"Silver Economy","author_link":"https:\/\/www.silvereco.org\/festival\/fr\/author\/festredac26\/"},"uagb_comment_info":0,"uagb_excerpt":"Les Troph\u00e9es SilverEco, pour qui ? Pourquoi concourir ? Pouvons nous en savoir plus sur les crit\u00e8res de s\u00e9lection ? Comment avons-nous \u00e9t\u00e9 s\u00e9lectionn\u00e9s ? Quelles sont les cat\u00e9gories propos\u00e9es ? O\u00f9 et quand se d\u00e9roulera la prochaine c\u00e9r\u00e9monie de remise de prix ? Comment pr\u00e9parer notre candidature ? Quelles sont les diff\u00e9rentes \u00e9tapes des\u2026","_links":{"self":[{"href":"https:\/\/www.silvereco.org\/festival\/fr\/wp-json\/wp\/v2\/pages\/6787","targetHints":{"allow":["GET"]}}],"collection":[{"href":"https:\/\/www.silvereco.org\/festival\/fr\/wp-json\/wp\/v2\/pages"}],"about":[{"href":"https:\/\/www.silvereco.org\/festival\/fr\/wp-json\/wp\/v2\/types\/page"}],"author":[{"embeddable":true,"href":"https:\/\/www.silvereco.org\/festival\/fr\/wp-json\/wp\/v2\/users\/7"}],"replies":[{"embeddable":true,"href":"https:\/\/www.silvereco.org\/festival\/fr\/wp-json\/wp\/v2\/comments?post=6787"}],"version-history":[{"count":121,"href":"https:\/\/www.silvereco.org\/festival\/fr\/wp-json\/wp\/v2\/pages\/6787\/revisions"}],"predecessor-version":[{"id":84514,"href":"https:\/\/www.silvereco.org\/festival\/fr\/wp-json\/wp\/v2\/pages\/6787\/revisions\/84514"}],"wp:attachment":[{"href":"https:\/\/www.silvereco.org\/festival\/fr\/wp-json\/wp\/v2\/media?parent=6787"}],"wp:term":[{"taxonomy":"category","embeddable":true,"href":"https:\/\/www.silvereco.org\/festival\/fr\/wp-json\/wp\/v2\/categories?post=6787"}],"curies":[{"name":"wp","href":"https:\/\/api.w.org\/{rel}","templated":true}]}}