{"id":2736,"date":"2016-02-04T11:19:27","date_gmt":"2016-02-04T10:19:27","guid":{"rendered":"https:\/\/www.silvereco.org\/festival\/fr\/?page_id=2736"},"modified":"2026-01-22T14:24:34","modified_gmt":"2026-01-22T13:24:34","slug":"plan-dacces","status":"publish","type":"page","link":"https:\/\/www.silvereco.org\/festival\/fr\/plan-dacces\/","title":{"rendered":"Plan d&#8217;Acc\u00e8s \/ Access Plan"},"content":{"rendered":"\n<h3 class=\"wp-block-heading\">Le Festival de la Silver Economie et du bien-vieillir a lieu au Palais des Festivals de Cannes<\/h3>\n\n\n\n<h3 class=\"wp-block-heading\">The SilverEco &amp; Ageing Well International Awards is taking place in Cannes<br><\/h3>\n\n\n\n<figure class=\"wp-block-image size-large\"><a href=\"https:\/\/goo.gl\/maps\/dLpWcno28toYzVC19\" target=\"_blank\" rel=\"noreferrer noopener\"><img loading=\"lazy\" decoding=\"async\" width=\"1024\" height=\"559\" src=\"https:\/\/www.silvereco.org\/festival\/fr\/wp-content\/medias\/2023\/07\/maps-1024x559.jpg\" alt=\"\" class=\"wp-image-28262\" srcset=\"https:\/\/www.silvereco.org\/festival\/fr\/wp-content\/medias\/2023\/07\/maps-1024x559.jpg 1024w, https:\/\/www.silvereco.org\/festival\/fr\/wp-content\/medias\/2023\/07\/maps-300x164.jpg 300w, https:\/\/www.silvereco.org\/festival\/fr\/wp-content\/medias\/2023\/07\/maps-768x419.jpg 768w, https:\/\/www.silvereco.org\/festival\/fr\/wp-content\/medias\/2023\/07\/maps.jpg 1344w\" sizes=\"auto, (max-width: 1024px) 100vw, 1024px\" \/><\/a><\/figure>\n\n\n\n<div style=\"height:47px\" aria-hidden=\"true\" class=\"wp-block-spacer\"><\/div>\n\n\n\n<h3 class=\"wp-block-heading\">Le Palais des Festivals<br>1, Boulevard de la Croisette, 06400 \/ Cannes<\/h3>\n\n\n\n<div class=\"wp-block-columns is-layout-flex wp-container-core-columns-is-layout-28f84493 wp-block-columns-is-layout-flex\">\n<div class=\"wp-block-column is-layout-flow wp-block-column-is-layout-flow\">\n<h4 class=\"wp-block-heading\"><strong>Acc\u00e8s par la route<\/strong><\/h4>\n\n\n\n<p>Cannes est reli\u00e9e \u00e0 toutes les grandes villes de France et d&#8217;Europe par le r\u00e9seau autoroutier. La ville est desservie par l&#8217;autoroute A8 &#8220;La Proven\u00e7ale&#8221; en provenance d&#8217;Aix-en-Provence par l&#8217;ouest et d&#8217;Italie \u00e0 l&#8217;est (sortie N\u00b042 Cannes La Bocca ou Mougins\/Cannes). Depuis Grenoble, par la route nationale 85, dite &#8220;route Napol\u00e9on&#8221;, vous pouvez retracer le parcours historique de l&#8217;Empereur au retour de l&#8217;\u00eele d&#8217;Elbe. <em>Pensez \u00e0 covoiturer \ud83d\ude42<\/em><\/p>\n\n\n\n<p><strong>Parking :<\/strong> Une zone de stationnement, le&nbsp;<strong>Parking Palais 1&nbsp;<\/strong>est \u00e0 disposition juste en dessous du Palais des Festival.<\/p>\n<\/div>\n\n\n\n<div class=\"wp-block-column is-layout-flow wp-block-column-is-layout-flow\">\n<h4 class=\"wp-block-heading\"><strong>By road<\/strong><\/h4>\n\n\n\n<p>Cannes is linked to all major cities in France and Europe by the motorway network. The city is served by the A8 motorway&nbsp; \u201cLa Proven\u00e7ale\u201d from Aix-en-Provence from the west and from Italy to the east (exit N\u00b042 Cannes La Bocca or Mougins \/ Cannes).<\/p>\n\n\n\n<p><strong>Parking lot :<\/strong>&nbsp;A parking area,&nbsp;<strong>Parking Palais 1<\/strong>&nbsp;is avaible just below the Palais des Festivals.<\/p>\n<\/div>\n<\/div>\n\n\n\n<div class=\"wp-block-columns is-layout-flex wp-container-core-columns-is-layout-28f84493 wp-block-columns-is-layout-flex\">\n<div class=\"wp-block-column is-layout-flow wp-block-column-is-layout-flow\">\n<h4 class=\"wp-block-heading\"><strong>Acc\u00e8s par le train<\/strong><\/h4>\n\n\n\n<p>La ville de Cannes est largement desservie par TGV, train Corail et train express qui la relient \u00e0 toutes les r\u00e9gions fran\u00e7aises et aux plus grandes villes d\u2019Europe. Ce mode de transport vous permettra de d\u00e9couvrir des paysages spectaculaires en bordure de mer au pied du massif de l\u2019Est\u00e9rel \u00e0 la roche rouge et escarp\u00e9e.<\/p>\n\n\n\n<p>Le TER permet de parcourir toute la r\u00e9gion de Saint-Rapha\u00ebl \u00e0 Monaco, en passant par Antibes, Biot, Cagnes sur mer, Nice, Villefranche sur Mer.<\/p>\n\n\n\n<p>Des trains de nuits sont \u00e9galement propos\u00e9s par la SNCF.<\/p>\n\n\n\n<p>Le Palais des Festivals et des Congr\u00e8s est tr\u00e8s proche de la gare de Cannes (5 minutes \u00e0 pied).<\/p>\n\n\n\n<p>>\u00a0<a href=\"https:\/\/www.sncf-connect.com\/gares\/cannes\/cannes\">www.sncf-connect.com\/gares\/cannes\/cannes<\/a><\/p>\n<\/div>\n\n\n\n<div class=\"wp-block-column is-layout-flow wp-block-column-is-layout-flow\">\n<h4 class=\"wp-block-heading\"><strong>By train<\/strong><\/h4>\n\n\n\n<p>The city of Cannes is well served by TGV, Corail and express trains, connecting it to all French regions and major European cities. This mode of transport also offers the opportunity to enjoy spectacular coastal scenery at the foot of the Est\u00e9rel massif, with its striking red, rocky cliffs.<\/p>\n\n\n\n<p>The regional TER trains make it easy to travel across the entire area, from Saint-Rapha\u00ebl to Monaco, passing through Antibes, Biot, Cagnes-sur-Mer, Nice and Villefranche-sur-Mer.<\/p>\n\n\n\n<p>Night trains are also available via SNCF.<\/p>\n\n\n\n<p>The Palais des Festivals et des Congr\u00e8s is very close from the Cannes Train Station (5 minutes by foot)<\/p>\n\n\n\n<p>>\u00a0<a href=\"https:\/\/www.sncf-connect.com\/gares\/cannes\/cannes\">www.sncf-connect.com\/gares\/cannes\/cannes<\/a><\/p>\n<\/div>\n<\/div>\n\n\n\n<div class=\"wp-block-columns is-layout-flex wp-container-core-columns-is-layout-28f84493 wp-block-columns-is-layout-flex\">\n<div class=\"wp-block-column is-layout-flow wp-block-column-is-layout-flow\">\n<h4 class=\"wp-block-heading\">Acc\u00e8s par avion<\/h4>\n\n\n\n<p>Deux a\u00e9roports desservent la ville de Cannes.&nbsp;<\/p>\n\n\n\n<p>Situ\u00e9 \u00e0 moins de 30 km de Cannes, l&#8217;a\u00e9roport de Nice-C\u00f4te d&#8217;Azur relie 90 destinations par vols directs et accueille une cinquantaine de compagnies a\u00e9riennes.<br>Des navettes effectuent la liaison de l\u2019a\u00e9roport \u00e0 Cannes en 45 minutes environ.<br>>\u00a0<a href=\"https:\/\/www.nice.aeroport.fr\/en\" target=\"_blank\" rel=\"noreferrer noopener\">www.nice.aeroport.fr\/en<\/a><\/p>\n\n\n\n<p>Deuxi\u00e8me a\u00e9roport fran\u00e7ais en aviation d&#8217;affaires apr\u00e8s Paris-le Bourget, l&#8217;a\u00e9roport de Cannes-Mandelieu est un outil privil\u00e9gi\u00e9 pour rejoindre Cannes depuis les grandes m\u00e9tropoles europ\u00e9ennes. Situ\u00e9 entre le massif de l&#8217;Est\u00e9rel et la baie de Cannes, \u00e0 15 minutes du Palais des Festivals et des Congr\u00e8s, il offre une porte d&#8217;entr\u00e9e d&#8217;exception sur la ville et sa r\u00e9gion. Taxis et v\u00e9hicules de location sont \u00e0 votre disposition \u00e0 l&#8217;a\u00e9roport pour rejoindre le Palais.<br>>\u00a0<a href=\"https:\/\/en.cannes.aeroport.fr\/\" target=\"_blank\" rel=\"noreferrer noopener\">www.en.cannes.aeroport.fr<\/a><\/p>\n<\/div>\n\n\n\n<div class=\"wp-block-column is-layout-flow wp-block-column-is-layout-flow\">\n<h4 class=\"wp-block-heading\">By plane<\/h4>\n\n\n\n<p>Two airports serve the city of Cannes.<\/p>\n\n\n\n<p>Located less than 30 km from Cannes, Nice C\u00f4te d\u2019Azur Airport connects 90 destinations with direct flights and serves around fifty airlines.<br>Shuttle buses run between the airport and Cannes in approximately 45 minutes.<br>>\u00a0<a href=\"https:\/\/www.nice.aeroport.fr\/en\" target=\"_blank\" rel=\"noreferrer noopener\">www.nice.aeroport.fr\/en<\/a><\/p>\n\n\n\n<p>As France\u2019s second-largest business aviation airport after Paris-Le Bourget, Cannes\u2013Mandelieu Airport is a prime gateway for reaching Cannes from major European cities. Located between the Est\u00e9rel massif and the Bay of Cannes, just 15 minutes from the Palais des Festivals et des Congr\u00e8s, it offers an exceptional entry point to the city and its surroundings. Taxis and rental cars are available at the airport to take you to the Palais.<br>>\u00a0<a href=\"https:\/\/en.cannes.aeroport.fr\/\" target=\"_blank\" rel=\"noreferrer noopener\">www.en.cannes.aeroport.fr<\/a><\/p>\n<\/div>\n<\/div>\n\n\n\n<div class=\"wp-block-columns is-layout-flex wp-container-core-columns-is-layout-28f84493 wp-block-columns-is-layout-flex\">\n<div class=\"wp-block-column is-layout-flow wp-block-column-is-layout-flow\">\n<h4 class=\"wp-block-heading\"><strong>Besoin d&#8217;un H\u00f4tel ?<\/strong><\/h4>\n\n\n\n<p><strong>Consulter la liste des H\u00f4tels accr\u00e9dit\u00e9s et leurs tarifs pr\u00e9f\u00e9rentiels dans le menu principal<\/strong><br>> <a href=\"https:\/\/silvereco.bnetwork.com\/\">Trouvez ici la liste des h\u00e9bergements \u00e0 Cannes<\/a><\/p>\n<\/div>\n\n\n\n<div class=\"wp-block-column is-layout-flow wp-block-column-is-layout-flow\">\n<h4 class=\"wp-block-heading\"><strong>Need a hotel?<\/strong><\/h4>\n\n\n\n<p>Check the list of accredited hotels and their preferential rates in the main menu.<br>> <a href=\"https:\/\/silvereco.bnetwork.com\/\">Find the Accommodation list of Cannes right here<\/a><\/p>\n<\/div>\n<\/div>\n\n\n\n<p><\/p>\n","protected":false},"excerpt":{"rendered":"<p>Le Festival de la Silver Economie et du bien-vieillir a lieu au Palais des Festivals de Cannes The SilverEco &amp; Ageing Well International Awards is taking place in Cannes Le Palais des Festivals1, Boulevard de la Croisette, 06400 \/ Cannes Acc\u00e8s par la route Cannes est reli\u00e9e \u00e0 toutes les grandes villes de France et [&hellip;]<\/p>\n","protected":false},"author":7,"featured_media":0,"parent":0,"menu_order":0,"comment_status":"closed","ping_status":"closed","template":"","meta":{"_uag_custom_page_level_css":"","site-sidebar-layout":"default","site-content-layout":"","ast-site-content-layout":"default","site-content-style":"default","site-sidebar-style":"default","ast-global-header-display":"","ast-banner-title-visibility":"","ast-main-header-display":"","ast-hfb-above-header-display":"","ast-hfb-below-header-display":"","ast-hfb-mobile-header-display":"","site-post-title":"","ast-breadcrumbs-content":"","ast-featured-img":"","footer-sml-layout":"","ast-disable-related-posts":"","theme-transparent-header-meta":"","adv-header-id-meta":"","stick-header-meta":"","header-above-stick-meta":"","header-main-stick-meta":"","header-below-stick-meta":"","astra-migrate-meta-layouts":"set","ast-page-background-enabled":"default","ast-page-background-meta":{"desktop":{"background-color":"var(--ast-global-color-4)","background-image":"","background-repeat":"repeat","background-position":"center center","background-size":"auto","background-attachment":"scroll","background-type":"","background-media":"","overlay-type":"","overlay-color":"","overlay-opacity":"","overlay-gradient":""},"tablet":{"background-color":"","background-image":"","background-repeat":"repeat","background-position":"center center","background-size":"auto","background-attachment":"scroll","background-type":"","background-media":"","overlay-type":"","overlay-color":"","overlay-opacity":"","overlay-gradient":""},"mobile":{"background-color":"","background-image":"","background-repeat":"repeat","background-position":"center center","background-size":"auto","background-attachment":"scroll","background-type":"","background-media":"","overlay-type":"","overlay-color":"","overlay-opacity":"","overlay-gradient":""}},"ast-content-background-meta":{"desktop":{"background-color":"var(--ast-global-color-5)","background-image":"","background-repeat":"repeat","background-position":"center center","background-size":"auto","background-attachment":"scroll","background-type":"","background-media":"","overlay-type":"","overlay-color":"","overlay-opacity":"","overlay-gradient":""},"tablet":{"background-color":"var(--ast-global-color-5)","background-image":"","background-repeat":"repeat","background-position":"center center","background-size":"auto","background-attachment":"scroll","background-type":"","background-media":"","overlay-type":"","overlay-color":"","overlay-opacity":"","overlay-gradient":""},"mobile":{"background-color":"var(--ast-global-color-5)","background-image":"","background-repeat":"repeat","background-position":"center center","background-size":"auto","background-attachment":"scroll","background-type":"","background-media":"","overlay-type":"","overlay-color":"","overlay-opacity":"","overlay-gradient":""}},"ngg_post_thumbnail":0,"footnotes":""},"categories":[],"class_list":["post-2736","page","type-page","status-publish","hentry"],"yoast_head":"<!-- This site is optimized with the Yoast SEO plugin v27.2 - https:\/\/yoast.com\/product\/yoast-seo-wordpress\/ -->\n<title>Plan d&#039;Acc\u00e8s \/ Access Plan - Salon de la fili\u00e8re Silver \u00e9conomie et Assises Silver Eco Bien-Vieillir<\/title>\n<meta name=\"robots\" content=\"index, follow, max-snippet:-1, max-image-preview:large, max-video-preview:-1\" \/>\n<link rel=\"canonical\" href=\"https:\/\/www.silvereco.org\/festival\/fr\/plan-dacces\/\" \/>\n<meta property=\"og:locale\" content=\"fr_FR\" \/>\n<meta property=\"og:type\" content=\"article\" \/>\n<meta property=\"og:title\" content=\"Plan d&#039;Acc\u00e8s \/ Access Plan - Salon de la fili\u00e8re Silver \u00e9conomie et Assises Silver Eco Bien-Vieillir\" \/>\n<meta property=\"og:description\" content=\"Le Festival de la Silver Economie et du bien-vieillir a lieu au Palais des Festivals de Cannes The SilverEco &amp; Ageing Well International Awards is taking place in Cannes Le Palais des Festivals1, Boulevard de la Croisette, 06400 \/ Cannes Acc\u00e8s par la route Cannes est reli\u00e9e \u00e0 toutes les grandes villes de France et [&hellip;]\" \/>\n<meta property=\"og:url\" content=\"https:\/\/www.silvereco.org\/festival\/fr\/plan-dacces\/\" \/>\n<meta property=\"og:site_name\" content=\"Salon de la fili\u00e8re Silver \u00e9conomie et Assises Silver Eco Bien-Vieillir\" \/>\n<meta property=\"article:modified_time\" content=\"2026-01-22T13:24:34+00:00\" \/>\n<meta property=\"og:image\" content=\"https:\/\/www.silvereco.org\/festival\/fr\/wp-content\/medias\/2023\/07\/maps.jpg\" \/>\n\t<meta property=\"og:image:width\" content=\"1344\" \/>\n\t<meta property=\"og:image:height\" content=\"734\" \/>\n\t<meta property=\"og:image:type\" content=\"image\/jpeg\" \/>\n<meta name=\"twitter:card\" content=\"summary_large_image\" \/>\n<meta name=\"twitter:label1\" content=\"Dur\u00e9e de lecture estim\u00e9e\" \/>\n\t<meta name=\"twitter:data1\" content=\"4 minutes\" \/>\n<script type=\"application\/ld+json\" class=\"yoast-schema-graph\">{\"@context\":\"https:\/\/schema.org\",\"@graph\":[{\"@type\":\"WebPage\",\"@id\":\"https:\/\/www.silvereco.org\/festival\/fr\/plan-dacces\/\",\"url\":\"https:\/\/www.silvereco.org\/festival\/fr\/plan-dacces\/\",\"name\":\"Plan d'Acc\u00e8s \/ Access Plan - Salon de la fili\u00e8re Silver \u00e9conomie et Assises Silver Eco Bien-Vieillir\",\"isPartOf\":{\"@id\":\"https:\/\/www.silvereco.org\/festival\/fr\/#website\"},\"primaryImageOfPage\":{\"@id\":\"https:\/\/www.silvereco.org\/festival\/fr\/plan-dacces\/#primaryimage\"},\"image\":{\"@id\":\"https:\/\/www.silvereco.org\/festival\/fr\/plan-dacces\/#primaryimage\"},\"thumbnailUrl\":\"https:\/\/www.silvereco.org\/festival\/fr\/wp-content\/medias\/2023\/07\/maps-1024x559.jpg\",\"datePublished\":\"2016-02-04T10:19:27+00:00\",\"dateModified\":\"2026-01-22T13:24:34+00:00\",\"breadcrumb\":{\"@id\":\"https:\/\/www.silvereco.org\/festival\/fr\/plan-dacces\/#breadcrumb\"},\"inLanguage\":\"fr-FR\",\"potentialAction\":[{\"@type\":\"ReadAction\",\"target\":[\"https:\/\/www.silvereco.org\/festival\/fr\/plan-dacces\/\"]}]},{\"@type\":\"ImageObject\",\"inLanguage\":\"fr-FR\",\"@id\":\"https:\/\/www.silvereco.org\/festival\/fr\/plan-dacces\/#primaryimage\",\"url\":\"https:\/\/www.silvereco.org\/festival\/fr\/wp-content\/medias\/2023\/07\/maps.jpg\",\"contentUrl\":\"https:\/\/www.silvereco.org\/festival\/fr\/wp-content\/medias\/2023\/07\/maps.jpg\",\"width\":1344,\"height\":734},{\"@type\":\"BreadcrumbList\",\"@id\":\"https:\/\/www.silvereco.org\/festival\/fr\/plan-dacces\/#breadcrumb\",\"itemListElement\":[{\"@type\":\"ListItem\",\"position\":1,\"name\":\"Accueil\",\"item\":\"https:\/\/www.silvereco.org\/festival\/fr\/\"},{\"@type\":\"ListItem\",\"position\":2,\"name\":\"Plan d&#8217;Acc\u00e8s \/ Access Plan\"}]},{\"@type\":\"WebSite\",\"@id\":\"https:\/\/www.silvereco.org\/festival\/fr\/#website\",\"url\":\"https:\/\/www.silvereco.org\/festival\/fr\/\",\"name\":\"Salon de la fili\u00e8re Silver \u00e9conomie et Assises Silver Eco\",\"description\":\"International Silver Economy and Ageing Well Festival\",\"publisher\":{\"@id\":\"https:\/\/www.silvereco.org\/festival\/fr\/#organization\"},\"potentialAction\":[{\"@type\":\"SearchAction\",\"target\":{\"@type\":\"EntryPoint\",\"urlTemplate\":\"https:\/\/www.silvereco.org\/festival\/fr\/?s={search_term_string}\"},\"query-input\":{\"@type\":\"PropertyValueSpecification\",\"valueRequired\":true,\"valueName\":\"search_term_string\"}}],\"inLanguage\":\"fr-FR\"},{\"@type\":\"Organization\",\"@id\":\"https:\/\/www.silvereco.org\/festival\/fr\/#organization\",\"name\":\"International Silver Economy and Ageing Well Festival\",\"url\":\"https:\/\/www.silvereco.org\/festival\/fr\/\",\"logo\":{\"@type\":\"ImageObject\",\"inLanguage\":\"fr-FR\",\"@id\":\"https:\/\/www.silvereco.org\/festival\/fr\/#\/schema\/logo\/image\/\",\"url\":\"https:\/\/www.silvereco.org\/festival\/fr\/wp-content\/medias\/2022\/12\/cropped-festival-silvereco-2020-2-300x93-1.png\",\"contentUrl\":\"https:\/\/www.silvereco.org\/festival\/fr\/wp-content\/medias\/2022\/12\/cropped-festival-silvereco-2020-2-300x93-1.png\",\"width\":300,\"height\":93,\"caption\":\"International Silver Economy and Ageing Well Festival\"},\"image\":{\"@id\":\"https:\/\/www.silvereco.org\/festival\/fr\/#\/schema\/logo\/image\/\"}}]}<\/script>\n<!-- \/ Yoast SEO plugin. -->","yoast_head_json":{"title":"Plan d'Acc\u00e8s \/ Access Plan - Salon de la fili\u00e8re Silver \u00e9conomie et Assises Silver Eco Bien-Vieillir","robots":{"index":"index","follow":"follow","max-snippet":"max-snippet:-1","max-image-preview":"max-image-preview:large","max-video-preview":"max-video-preview:-1"},"canonical":"https:\/\/www.silvereco.org\/festival\/fr\/plan-dacces\/","og_locale":"fr_FR","og_type":"article","og_title":"Plan d'Acc\u00e8s \/ Access Plan - Salon de la fili\u00e8re Silver \u00e9conomie et Assises Silver Eco Bien-Vieillir","og_description":"Le Festival de la Silver Economie et du bien-vieillir a lieu au Palais des Festivals de Cannes The SilverEco &amp; Ageing Well International Awards is taking place in Cannes Le Palais des Festivals1, Boulevard de la Croisette, 06400 \/ Cannes Acc\u00e8s par la route Cannes est reli\u00e9e \u00e0 toutes les grandes villes de France et [&hellip;]","og_url":"https:\/\/www.silvereco.org\/festival\/fr\/plan-dacces\/","og_site_name":"Salon de la fili\u00e8re Silver \u00e9conomie et Assises Silver Eco Bien-Vieillir","article_modified_time":"2026-01-22T13:24:34+00:00","og_image":[{"width":1344,"height":734,"url":"https:\/\/www.silvereco.org\/festival\/fr\/wp-content\/medias\/2023\/07\/maps.jpg","type":"image\/jpeg"}],"twitter_card":"summary_large_image","twitter_misc":{"Dur\u00e9e de lecture estim\u00e9e":"4 minutes"},"schema":{"@context":"https:\/\/schema.org","@graph":[{"@type":"WebPage","@id":"https:\/\/www.silvereco.org\/festival\/fr\/plan-dacces\/","url":"https:\/\/www.silvereco.org\/festival\/fr\/plan-dacces\/","name":"Plan d'Acc\u00e8s \/ Access Plan - Salon de la fili\u00e8re Silver \u00e9conomie et Assises Silver Eco Bien-Vieillir","isPartOf":{"@id":"https:\/\/www.silvereco.org\/festival\/fr\/#website"},"primaryImageOfPage":{"@id":"https:\/\/www.silvereco.org\/festival\/fr\/plan-dacces\/#primaryimage"},"image":{"@id":"https:\/\/www.silvereco.org\/festival\/fr\/plan-dacces\/#primaryimage"},"thumbnailUrl":"https:\/\/www.silvereco.org\/festival\/fr\/wp-content\/medias\/2023\/07\/maps-1024x559.jpg","datePublished":"2016-02-04T10:19:27+00:00","dateModified":"2026-01-22T13:24:34+00:00","breadcrumb":{"@id":"https:\/\/www.silvereco.org\/festival\/fr\/plan-dacces\/#breadcrumb"},"inLanguage":"fr-FR","potentialAction":[{"@type":"ReadAction","target":["https:\/\/www.silvereco.org\/festival\/fr\/plan-dacces\/"]}]},{"@type":"ImageObject","inLanguage":"fr-FR","@id":"https:\/\/www.silvereco.org\/festival\/fr\/plan-dacces\/#primaryimage","url":"https:\/\/www.silvereco.org\/festival\/fr\/wp-content\/medias\/2023\/07\/maps.jpg","contentUrl":"https:\/\/www.silvereco.org\/festival\/fr\/wp-content\/medias\/2023\/07\/maps.jpg","width":1344,"height":734},{"@type":"BreadcrumbList","@id":"https:\/\/www.silvereco.org\/festival\/fr\/plan-dacces\/#breadcrumb","itemListElement":[{"@type":"ListItem","position":1,"name":"Accueil","item":"https:\/\/www.silvereco.org\/festival\/fr\/"},{"@type":"ListItem","position":2,"name":"Plan d&#8217;Acc\u00e8s \/ Access Plan"}]},{"@type":"WebSite","@id":"https:\/\/www.silvereco.org\/festival\/fr\/#website","url":"https:\/\/www.silvereco.org\/festival\/fr\/","name":"Salon de la fili\u00e8re Silver \u00e9conomie et Assises Silver Eco","description":"International Silver Economy and Ageing Well Festival","publisher":{"@id":"https:\/\/www.silvereco.org\/festival\/fr\/#organization"},"potentialAction":[{"@type":"SearchAction","target":{"@type":"EntryPoint","urlTemplate":"https:\/\/www.silvereco.org\/festival\/fr\/?s={search_term_string}"},"query-input":{"@type":"PropertyValueSpecification","valueRequired":true,"valueName":"search_term_string"}}],"inLanguage":"fr-FR"},{"@type":"Organization","@id":"https:\/\/www.silvereco.org\/festival\/fr\/#organization","name":"International Silver Economy and Ageing Well Festival","url":"https:\/\/www.silvereco.org\/festival\/fr\/","logo":{"@type":"ImageObject","inLanguage":"fr-FR","@id":"https:\/\/www.silvereco.org\/festival\/fr\/#\/schema\/logo\/image\/","url":"https:\/\/www.silvereco.org\/festival\/fr\/wp-content\/medias\/2022\/12\/cropped-festival-silvereco-2020-2-300x93-1.png","contentUrl":"https:\/\/www.silvereco.org\/festival\/fr\/wp-content\/medias\/2022\/12\/cropped-festival-silvereco-2020-2-300x93-1.png","width":300,"height":93,"caption":"International Silver Economy and Ageing Well Festival"},"image":{"@id":"https:\/\/www.silvereco.org\/festival\/fr\/#\/schema\/logo\/image\/"}}]}},"uagb_featured_image_src":{"full":false,"thumbnail":false,"medium":false,"medium_large":false,"large":false,"1536x1536":false,"2048x2048":false},"uagb_author_info":{"display_name":"Silver Economy","author_link":"https:\/\/www.silvereco.org\/festival\/fr\/author\/festredac26\/"},"uagb_comment_info":0,"uagb_excerpt":"Le Festival de la Silver Economie et du bien-vieillir a lieu au Palais des Festivals de Cannes The SilverEco &amp; Ageing Well International Awards is taking place in Cannes Le Palais des Festivals1, Boulevard de la Croisette, 06400 \/ Cannes Acc\u00e8s par la route Cannes est reli\u00e9e \u00e0 toutes les grandes villes de France et\u2026","_links":{"self":[{"href":"https:\/\/www.silvereco.org\/festival\/fr\/wp-json\/wp\/v2\/pages\/2736","targetHints":{"allow":["GET"]}}],"collection":[{"href":"https:\/\/www.silvereco.org\/festival\/fr\/wp-json\/wp\/v2\/pages"}],"about":[{"href":"https:\/\/www.silvereco.org\/festival\/fr\/wp-json\/wp\/v2\/types\/page"}],"author":[{"embeddable":true,"href":"https:\/\/www.silvereco.org\/festival\/fr\/wp-json\/wp\/v2\/users\/7"}],"replies":[{"embeddable":true,"href":"https:\/\/www.silvereco.org\/festival\/fr\/wp-json\/wp\/v2\/comments?post=2736"}],"version-history":[{"count":78,"href":"https:\/\/www.silvereco.org\/festival\/fr\/wp-json\/wp\/v2\/pages\/2736\/revisions"}],"predecessor-version":[{"id":83075,"href":"https:\/\/www.silvereco.org\/festival\/fr\/wp-json\/wp\/v2\/pages\/2736\/revisions\/83075"}],"wp:attachment":[{"href":"https:\/\/www.silvereco.org\/festival\/fr\/wp-json\/wp\/v2\/media?parent=2736"}],"wp:term":[{"taxonomy":"category","embeddable":true,"href":"https:\/\/www.silvereco.org\/festival\/fr\/wp-json\/wp\/v2\/categories?post=2736"}],"curies":[{"name":"wp","href":"https:\/\/api.w.org\/{rel}","templated":true}]}}