{"id":18973,"date":"2022-12-07T16:30:20","date_gmt":"2022-12-07T15:30:20","guid":{"rendered":"https:\/\/www.silvereco.org\/festival\/fr\/?page_id=18973"},"modified":"2026-01-22T14:24:34","modified_gmt":"2026-01-22T13:24:34","slug":"media","status":"publish","type":"page","link":"https:\/\/www.silvereco.org\/festival\/fr\/media\/","title":{"rendered":"PRESS &#038; MEDIA KIT"},"content":{"rendered":"\n<p><strong>Please complete the form for your press accreditation, by clicking the button below<br>Merci de compl\u00e9ter le formulaire pour votre accr\u00e9ditation presse, en cliquant sur le bouton ci-dessous.<\/strong><\/p>\n\n\n\n<div class=\"wp-block-uagb-buttons uagb-buttons__outer-wrap uagb-btn__default-btn uagb-btn-tablet__default-btn uagb-btn-mobile__default-btn uagb-block-43fa2a48\"><div class=\"uagb-buttons__wrap uagb-buttons-layout-wrap \">\n<div class=\"wp-block-uagb-buttons-child uagb-buttons__outer-wrap uagb-block-b2963c1c wp-block-button\"><div class=\"uagb-button__wrapper\"><a class=\"uagb-buttons-repeater wp-block-button__link\" aria-label=\"\" href=\"https:\/\/silvereco.org\/form\/festival-press-accreditation\/\" rel=\"follow noopener\" target=\"_self\" role=\"button\"><div class=\"uagb-button__link\"><strong>Festival SilverEco  \u2013 Press accreditation<\/strong><\/div><\/a><\/div><\/div>\n<\/div><\/div>\n\n\n\n<p>&gt; <a href=\"https:\/\/silvereco.org\/doc\/wp-content\/uploads\/2025\/10\/251007-CP-FESTIVAL-SILVERECO-2025-CP1.pdf\">Communiqu\u00e9 de presse Fran\u00e7ais<\/a> <br>&gt; <a href=\"https:\/\/silvereco.org\/doc\/wp-content\/uploads\/2025\/10\/251007-CP-FESTIVAL-SILVERECO-2025-CP1-ANGLAIS.pdf\">Press release of the Festival in English<\/a><br><\/p>\n\n\n\n<p>&gt; Official logos \/ Logos Officiels : <br><a href=\"http:\/\/www.silvereco.org\/festival\/fr\/wp-content\/medias\/2020\/06\/festival-logo-W.png\" target=\"_blank\" rel=\"noreferrer noopener\">Logo Festival (white \/ blanc)<\/a> \/ <a href=\"http:\/\/www.silvereco.org\/festival\/fr\/wp-content\/medias\/2020\/06\/festival-logo-B.png\" target=\"_blank\" rel=\"noreferrer noopener\">Logo Festival (black \/ noir)<\/a> \/ <a href=\"http:\/\/www.silvereco.org\/festival\/fr\/wp-content\/medias\/2020\/06\/festival-logo-HD-PDF.pdf\" target=\"_blank\" rel=\"noreferrer noopener\">Logo Festival HD PDF<\/a> \/ <a href=\"https:\/\/www.silvereco.org\/festival\/en\/wp-content\/medias\/2022\/12\/W-Logo-SilverNight-SilverEco-Ageing-Well-International-Awards.png\" target=\"_blank\" rel=\"noreferrer noopener\">Logo International Awards (white \/ blanc)<\/a> \/ <a href=\"https:\/\/www.silvereco.org\/festival\/en\/wp-content\/medias\/2022\/12\/B-Logo-SilverNight-SilverEco-Ageing-Well-International-Awards.png\" target=\"_blank\" rel=\"noreferrer noopener\">Logo International Awards (black \/ noir)<\/a> \/ <a href=\"http:\/\/www.silvereco.org\/festival\/fr\/wp-content\/medias\/2020\/06\/Troph\u00e9es-SilverEco-SilverNight-W.png\" target=\"_blank\" rel=\"noreferrer noopener\">Logo Troph\u00e9es SilverNight fond blanc<\/a> \/ <a href=\"http:\/\/www.silvereco.org\/festival\/fr\/wp-content\/medias\/2020\/06\/Troph\u00e9es-SilverEco-SilverNight-B.png\" target=\"_blank\" rel=\"noreferrer noopener\">Logo Troph\u00e9es SilverNight fond noir<\/a> \/ <a href=\"https:\/\/www.silvereco.org\/festival\/fr\/wp-content\/medias\/2022\/12\/pastille-candidater.png\" target=\"_blank\" rel=\"noreferrer noopener\">Pastille Troph\u00e9es candidatez <\/a>\/ <a href=\"http:\/\/www.silvereco.org\/festival\/fr\/wp-content\/medias\/2020\/06\/silvereco-palais-festivals-cannes.png\" target=\"_blank\" rel=\"noreferrer noopener\">SilverEco Palais Festivals<\/a><\/p>\n\n\n\n<p>Other visuals available on demand.<br>Autres visuels disponibles sur demande.<\/p>\n\n\n\n<p>&gt; Contact Press : <br>J\u00e9r\u00f4me AUB\u00c9 \/ j.aube@coromandel-rp.fr \/ +33 6 29 82 76 55<\/p>\n","protected":false},"excerpt":{"rendered":"<p>Please complete the form for your press accreditation, by clicking the button belowMerci de compl\u00e9ter le formulaire pour votre accr\u00e9ditation presse, en cliquant sur le bouton ci-dessous. &gt; Communiqu\u00e9 de presse Fran\u00e7ais &gt; Press release of the Festival in English &gt; Official logos \/ Logos Officiels : Logo Festival (white \/ blanc) \/ Logo Festival [&hellip;]<\/p>\n","protected":false},"author":7,"featured_media":0,"parent":0,"menu_order":0,"comment_status":"closed","ping_status":"closed","template":"","meta":{"_uag_custom_page_level_css":"","site-sidebar-layout":"default","site-content-layout":"","ast-site-content-layout":"default","site-content-style":"default","site-sidebar-style":"default","ast-global-header-display":"","ast-banner-title-visibility":"","ast-main-header-display":"","ast-hfb-above-header-display":"","ast-hfb-below-header-display":"","ast-hfb-mobile-header-display":"","site-post-title":"","ast-breadcrumbs-content":"","ast-featured-img":"","footer-sml-layout":"","ast-disable-related-posts":"","theme-transparent-header-meta":"","adv-header-id-meta":"","stick-header-meta":"","header-above-stick-meta":"","header-main-stick-meta":"","header-below-stick-meta":"","astra-migrate-meta-layouts":"set","ast-page-background-enabled":"default","ast-page-background-meta":{"desktop":{"background-color":"var(--ast-global-color-4)","background-image":"","background-repeat":"repeat","background-position":"center center","background-size":"auto","background-attachment":"scroll","background-type":"","background-media":"","overlay-type":"","overlay-color":"","overlay-opacity":"","overlay-gradient":""},"tablet":{"background-color":"","background-image":"","background-repeat":"repeat","background-position":"center center","background-size":"auto","background-attachment":"scroll","background-type":"","background-media":"","overlay-type":"","overlay-color":"","overlay-opacity":"","overlay-gradient":""},"mobile":{"background-color":"","background-image":"","background-repeat":"repeat","background-position":"center center","background-size":"auto","background-attachment":"scroll","background-type":"","background-media":"","overlay-type":"","overlay-color":"","overlay-opacity":"","overlay-gradient":""}},"ast-content-background-meta":{"desktop":{"background-color":"var(--ast-global-color-5)","background-image":"","background-repeat":"repeat","background-position":"center center","background-size":"auto","background-attachment":"scroll","background-type":"","background-media":"","overlay-type":"","overlay-color":"","overlay-opacity":"","overlay-gradient":""},"tablet":{"background-color":"var(--ast-global-color-5)","background-image":"","background-repeat":"repeat","background-position":"center center","background-size":"auto","background-attachment":"scroll","background-type":"","background-media":"","overlay-type":"","overlay-color":"","overlay-opacity":"","overlay-gradient":""},"mobile":{"background-color":"var(--ast-global-color-5)","background-image":"","background-repeat":"repeat","background-position":"center center","background-size":"auto","background-attachment":"scroll","background-type":"","background-media":"","overlay-type":"","overlay-color":"","overlay-opacity":"","overlay-gradient":""}},"ngg_post_thumbnail":0,"footnotes":""},"categories":[],"class_list":["post-18973","page","type-page","status-publish","hentry"],"yoast_head":"<!-- This site is optimized with the Yoast SEO plugin v27.2 - https:\/\/yoast.com\/product\/yoast-seo-wordpress\/ -->\n<title>PRESS &amp; MEDIA KIT - Salon de la fili\u00e8re Silver \u00e9conomie et Assises Silver Eco Bien-Vieillir<\/title>\n<meta name=\"robots\" content=\"index, follow, max-snippet:-1, max-image-preview:large, max-video-preview:-1\" \/>\n<link rel=\"canonical\" href=\"https:\/\/www.silvereco.org\/festival\/fr\/media\/\" \/>\n<meta property=\"og:locale\" content=\"fr_FR\" \/>\n<meta property=\"og:type\" content=\"article\" \/>\n<meta property=\"og:title\" content=\"PRESS &amp; MEDIA KIT - Salon de la fili\u00e8re Silver \u00e9conomie et Assises Silver Eco Bien-Vieillir\" \/>\n<meta property=\"og:description\" content=\"Please complete the form for your press accreditation, by clicking the button belowMerci de compl\u00e9ter le formulaire pour votre accr\u00e9ditation presse, en cliquant sur le bouton ci-dessous. &gt; Communiqu\u00e9 de presse Fran\u00e7ais &gt; Press release of the Festival in English &gt; Official logos \/ Logos Officiels : Logo Festival (white \/ blanc) \/ Logo Festival [&hellip;]\" \/>\n<meta property=\"og:url\" content=\"https:\/\/www.silvereco.org\/festival\/fr\/media\/\" \/>\n<meta property=\"og:site_name\" content=\"Salon de la fili\u00e8re Silver \u00e9conomie et Assises Silver Eco Bien-Vieillir\" \/>\n<meta property=\"article:modified_time\" content=\"2026-01-22T13:24:34+00:00\" \/>\n<meta name=\"twitter:card\" content=\"summary_large_image\" \/>\n<meta name=\"twitter:label1\" content=\"Dur\u00e9e de lecture estim\u00e9e\" \/>\n\t<meta name=\"twitter:data1\" content=\"1 minute\" \/>\n<script type=\"application\/ld+json\" class=\"yoast-schema-graph\">{\"@context\":\"https:\/\/schema.org\",\"@graph\":[{\"@type\":\"WebPage\",\"@id\":\"https:\/\/www.silvereco.org\/festival\/fr\/media\/\",\"url\":\"https:\/\/www.silvereco.org\/festival\/fr\/media\/\",\"name\":\"PRESS & MEDIA KIT - Salon de la fili\u00e8re Silver \u00e9conomie et Assises Silver Eco Bien-Vieillir\",\"isPartOf\":{\"@id\":\"https:\/\/www.silvereco.org\/festival\/fr\/#website\"},\"datePublished\":\"2022-12-07T15:30:20+00:00\",\"dateModified\":\"2026-01-22T13:24:34+00:00\",\"breadcrumb\":{\"@id\":\"https:\/\/www.silvereco.org\/festival\/fr\/media\/#breadcrumb\"},\"inLanguage\":\"fr-FR\",\"potentialAction\":[{\"@type\":\"ReadAction\",\"target\":[\"https:\/\/www.silvereco.org\/festival\/fr\/media\/\"]}]},{\"@type\":\"BreadcrumbList\",\"@id\":\"https:\/\/www.silvereco.org\/festival\/fr\/media\/#breadcrumb\",\"itemListElement\":[{\"@type\":\"ListItem\",\"position\":1,\"name\":\"Accueil\",\"item\":\"https:\/\/www.silvereco.org\/festival\/fr\/\"},{\"@type\":\"ListItem\",\"position\":2,\"name\":\"PRESS &#038; MEDIA KIT\"}]},{\"@type\":\"WebSite\",\"@id\":\"https:\/\/www.silvereco.org\/festival\/fr\/#website\",\"url\":\"https:\/\/www.silvereco.org\/festival\/fr\/\",\"name\":\"Salon de la fili\u00e8re Silver \u00e9conomie et Assises Silver Eco\",\"description\":\"International Silver Economy and Ageing Well Festival\",\"publisher\":{\"@id\":\"https:\/\/www.silvereco.org\/festival\/fr\/#organization\"},\"potentialAction\":[{\"@type\":\"SearchAction\",\"target\":{\"@type\":\"EntryPoint\",\"urlTemplate\":\"https:\/\/www.silvereco.org\/festival\/fr\/?s={search_term_string}\"},\"query-input\":{\"@type\":\"PropertyValueSpecification\",\"valueRequired\":true,\"valueName\":\"search_term_string\"}}],\"inLanguage\":\"fr-FR\"},{\"@type\":\"Organization\",\"@id\":\"https:\/\/www.silvereco.org\/festival\/fr\/#organization\",\"name\":\"International Silver Economy and Ageing Well Festival\",\"url\":\"https:\/\/www.silvereco.org\/festival\/fr\/\",\"logo\":{\"@type\":\"ImageObject\",\"inLanguage\":\"fr-FR\",\"@id\":\"https:\/\/www.silvereco.org\/festival\/fr\/#\/schema\/logo\/image\/\",\"url\":\"https:\/\/www.silvereco.org\/festival\/fr\/wp-content\/medias\/2022\/12\/cropped-festival-silvereco-2020-2-300x93-1.png\",\"contentUrl\":\"https:\/\/www.silvereco.org\/festival\/fr\/wp-content\/medias\/2022\/12\/cropped-festival-silvereco-2020-2-300x93-1.png\",\"width\":300,\"height\":93,\"caption\":\"International Silver Economy and Ageing Well Festival\"},\"image\":{\"@id\":\"https:\/\/www.silvereco.org\/festival\/fr\/#\/schema\/logo\/image\/\"}}]}<\/script>\n<!-- \/ Yoast SEO plugin. -->","yoast_head_json":{"title":"PRESS & MEDIA KIT - Salon de la fili\u00e8re Silver \u00e9conomie et Assises Silver Eco Bien-Vieillir","robots":{"index":"index","follow":"follow","max-snippet":"max-snippet:-1","max-image-preview":"max-image-preview:large","max-video-preview":"max-video-preview:-1"},"canonical":"https:\/\/www.silvereco.org\/festival\/fr\/media\/","og_locale":"fr_FR","og_type":"article","og_title":"PRESS & MEDIA KIT - Salon de la fili\u00e8re Silver \u00e9conomie et Assises Silver Eco Bien-Vieillir","og_description":"Please complete the form for your press accreditation, by clicking the button belowMerci de compl\u00e9ter le formulaire pour votre accr\u00e9ditation presse, en cliquant sur le bouton ci-dessous. &gt; Communiqu\u00e9 de presse Fran\u00e7ais &gt; Press release of the Festival in English &gt; Official logos \/ Logos Officiels : Logo Festival (white \/ blanc) \/ Logo Festival [&hellip;]","og_url":"https:\/\/www.silvereco.org\/festival\/fr\/media\/","og_site_name":"Salon de la fili\u00e8re Silver \u00e9conomie et Assises Silver Eco Bien-Vieillir","article_modified_time":"2026-01-22T13:24:34+00:00","twitter_card":"summary_large_image","twitter_misc":{"Dur\u00e9e de lecture estim\u00e9e":"1 minute"},"schema":{"@context":"https:\/\/schema.org","@graph":[{"@type":"WebPage","@id":"https:\/\/www.silvereco.org\/festival\/fr\/media\/","url":"https:\/\/www.silvereco.org\/festival\/fr\/media\/","name":"PRESS & MEDIA KIT - Salon de la fili\u00e8re Silver \u00e9conomie et Assises Silver Eco Bien-Vieillir","isPartOf":{"@id":"https:\/\/www.silvereco.org\/festival\/fr\/#website"},"datePublished":"2022-12-07T15:30:20+00:00","dateModified":"2026-01-22T13:24:34+00:00","breadcrumb":{"@id":"https:\/\/www.silvereco.org\/festival\/fr\/media\/#breadcrumb"},"inLanguage":"fr-FR","potentialAction":[{"@type":"ReadAction","target":["https:\/\/www.silvereco.org\/festival\/fr\/media\/"]}]},{"@type":"BreadcrumbList","@id":"https:\/\/www.silvereco.org\/festival\/fr\/media\/#breadcrumb","itemListElement":[{"@type":"ListItem","position":1,"name":"Accueil","item":"https:\/\/www.silvereco.org\/festival\/fr\/"},{"@type":"ListItem","position":2,"name":"PRESS &#038; MEDIA KIT"}]},{"@type":"WebSite","@id":"https:\/\/www.silvereco.org\/festival\/fr\/#website","url":"https:\/\/www.silvereco.org\/festival\/fr\/","name":"Salon de la fili\u00e8re Silver \u00e9conomie et Assises Silver Eco","description":"International Silver Economy and Ageing Well Festival","publisher":{"@id":"https:\/\/www.silvereco.org\/festival\/fr\/#organization"},"potentialAction":[{"@type":"SearchAction","target":{"@type":"EntryPoint","urlTemplate":"https:\/\/www.silvereco.org\/festival\/fr\/?s={search_term_string}"},"query-input":{"@type":"PropertyValueSpecification","valueRequired":true,"valueName":"search_term_string"}}],"inLanguage":"fr-FR"},{"@type":"Organization","@id":"https:\/\/www.silvereco.org\/festival\/fr\/#organization","name":"International Silver Economy and Ageing Well Festival","url":"https:\/\/www.silvereco.org\/festival\/fr\/","logo":{"@type":"ImageObject","inLanguage":"fr-FR","@id":"https:\/\/www.silvereco.org\/festival\/fr\/#\/schema\/logo\/image\/","url":"https:\/\/www.silvereco.org\/festival\/fr\/wp-content\/medias\/2022\/12\/cropped-festival-silvereco-2020-2-300x93-1.png","contentUrl":"https:\/\/www.silvereco.org\/festival\/fr\/wp-content\/medias\/2022\/12\/cropped-festival-silvereco-2020-2-300x93-1.png","width":300,"height":93,"caption":"International Silver Economy and Ageing Well Festival"},"image":{"@id":"https:\/\/www.silvereco.org\/festival\/fr\/#\/schema\/logo\/image\/"}}]}},"uagb_featured_image_src":{"full":false,"thumbnail":false,"medium":false,"medium_large":false,"large":false,"1536x1536":false,"2048x2048":false},"uagb_author_info":{"display_name":"Silver Economy","author_link":"https:\/\/www.silvereco.org\/festival\/fr\/author\/festredac26\/"},"uagb_comment_info":0,"uagb_excerpt":"Please complete the form for your press accreditation, by clicking the button belowMerci de compl\u00e9ter le formulaire pour votre accr\u00e9ditation presse, en cliquant sur le bouton ci-dessous. &gt; Communiqu\u00e9 de presse Fran\u00e7ais &gt; Press release of the Festival in English &gt; Official logos \/ Logos Officiels : Logo Festival (white \/ blanc) \/ Logo Festival\u2026","_links":{"self":[{"href":"https:\/\/www.silvereco.org\/festival\/fr\/wp-json\/wp\/v2\/pages\/18973","targetHints":{"allow":["GET"]}}],"collection":[{"href":"https:\/\/www.silvereco.org\/festival\/fr\/wp-json\/wp\/v2\/pages"}],"about":[{"href":"https:\/\/www.silvereco.org\/festival\/fr\/wp-json\/wp\/v2\/types\/page"}],"author":[{"embeddable":true,"href":"https:\/\/www.silvereco.org\/festival\/fr\/wp-json\/wp\/v2\/users\/7"}],"replies":[{"embeddable":true,"href":"https:\/\/www.silvereco.org\/festival\/fr\/wp-json\/wp\/v2\/comments?post=18973"}],"version-history":[{"count":26,"href":"https:\/\/www.silvereco.org\/festival\/fr\/wp-json\/wp\/v2\/pages\/18973\/revisions"}],"predecessor-version":[{"id":83420,"href":"https:\/\/www.silvereco.org\/festival\/fr\/wp-json\/wp\/v2\/pages\/18973\/revisions\/83420"}],"wp:attachment":[{"href":"https:\/\/www.silvereco.org\/festival\/fr\/wp-json\/wp\/v2\/media?parent=18973"}],"wp:term":[{"taxonomy":"category","embeddable":true,"href":"https:\/\/www.silvereco.org\/festival\/fr\/wp-json\/wp\/v2\/categories?post=18973"}],"curies":[{"name":"wp","href":"https:\/\/api.w.org\/{rel}","templated":true}]}}