{"id":18970,"date":"2022-12-07T16:18:02","date_gmt":"2022-12-07T15:18:02","guid":{"rendered":"https:\/\/www.silvereco.org\/festival\/fr\/?page_id=18970"},"modified":"2026-01-22T14:24:38","modified_gmt":"2026-01-22T13:24:38","slug":"visiteurs","status":"publish","type":"page","link":"https:\/\/www.silvereco.org\/festival\/fr\/visiteurs\/","title":{"rendered":"VISITEURS"},"content":{"rendered":"\n<div class=\"wp-block-columns is-layout-flex wp-container-core-columns-is-layout-28f84493 wp-block-columns-is-layout-flex\">\n<div class=\"wp-block-column is-layout-flow wp-block-column-is-layout-flow\">\n<h3 class=\"wp-block-heading\"><strong>Participer au Festival International SilverEco<\/strong><\/h3>\n\n\n\n<p>En participant au Festival International B2B, vous obtenez un Pass Pro vous permettant de :<\/p>\n\n\n\n<ul class=\"wp-block-list\">\n<li>Visiter le Forum Expo et d\u00e9couvrir les innovations et acteurs majeurs dans le secteur du bien-vieillir<\/li>\n\n\n\n<li>Assister au 2 jours de Conf\u00e9rences au Palais des Festivals de Cannes<\/li>\n\n\n\n<li>Participer \u00e0 des sessions de Networking et speed meetings<\/li>\n\n\n\n<li>Assister \u00e0 la c\u00e9r\u00e9monie de remise des Troph\u00e9es SilverEco Bien-Vieillir au Palais des Festivals &#8211; Cannes<\/li>\n\n\n\n<li>Profitez d&#8217;un cadre unique et convivial pour nouer des relations p\u00e9rennes<\/li>\n\n\n\n<li><\/li>\n<\/ul>\n<\/div>\n\n\n\n<div class=\"wp-block-column is-layout-flow wp-block-column-is-layout-flow\">\n<h3 class=\"wp-block-heading\"><strong>Participate in the SilverEco International Festival<\/strong><\/h3>\n\n\n\n<p>By participating in the International B2B Festival, you receive a Pro Pass that allows you to:<\/p>\n\n\n\n<ul class=\"wp-block-list\">\n<li>Visit the Expo Forum and discover innovations and key players in the ageing-well sector<\/li>\n\n\n\n<li>Attend the 2 days of Conferences at the Palais des Festivals in Cannes<\/li>\n\n\n\n<li>Take part in networking sessions and speed meetings<\/li>\n\n\n\n<li>Attend the SilverEco Ageing Well Awards ceremony at the Palais des Festivals \u2013 Cannes<\/li>\n\n\n\n<li>Enjoy a unique and friendly environment to build long-lasting relationships<\/li>\n\n\n\n<li><\/li>\n<\/ul>\n<\/div>\n<\/div>\n\n\n\n<div class=\"wp-block-columns is-layout-flex wp-container-core-columns-is-layout-28f84493 wp-block-columns-is-layout-flex\">\n<div class=\"wp-block-column is-layout-flow wp-block-column-is-layout-flow\">\n<h4 class=\"wp-block-heading\"><a href=\"https:\/\/silvereco.org\/pass\/\">&gt; R\u00e9server ma participation, \u00e9diter mon Pass B2B<\/a><\/h4>\n\n\n\n<p>Le Festival SilverEco est r\u00e9serv\u00e9 aux professionnels.<\/p>\n<\/div>\n\n\n\n<div class=\"wp-block-column is-layout-flow wp-block-column-is-layout-flow\">\n<h4 class=\"wp-block-heading\"><a href=\"https:\/\/silvereco.org\/pass\/\">&gt; Book my participation, issue my B2B Pass<\/a><\/h4>\n\n\n\n<p>The SilverEco Festival is reserved for professionals.<\/p>\n<\/div>\n<\/div>\n\n\n\n<figure class=\"wp-block-image alignfull size-large\"><img decoding=\"async\" src=\"https:\/\/www.silvereco.org\/festival\/en\/wp-content\/medias\/2022\/12\/Cocktail_Sante-395843.jpg\" alt=\"\"\/><\/figure>\n\n\n\n<div class=\"wp-block-columns is-layout-flex wp-container-core-columns-is-layout-28f84493 wp-block-columns-is-layout-flex\">\n<div class=\"wp-block-column is-layout-flow wp-block-column-is-layout-flow\">\n<h3 class=\"wp-block-heading\"><strong>Assister \u00e0 la c\u00e9r\u00e9monie de remise des Troph\u00e9es<\/strong><\/h3>\n\n\n\n<p>R\u00e9servez votre <strong>pass gratuit <\/strong>pour assister \u00e0 la SilverNight, la grande soir\u00e9e de Gala des Troph\u00e9es SilverEco Bien-Vieillir, le 14 septembre \u00e0 18h00 au Palais des Festivals &#8211; Cannes.<\/p>\n\n\n\n<h4 class=\"wp-block-heading\"><a href=\"https:\/\/www.silvereco.org\/festival\/en\/contact-us\/\">&gt; <\/a><a href=\"https:\/\/silvereco.org\/pass\/\">R\u00e9server ma participation gratuite<\/a><\/h4>\n<\/div>\n\n\n\n<div class=\"wp-block-column is-layout-flow wp-block-column-is-layout-flow\">\n<h3 class=\"wp-block-heading\"><strong>Attend the Awards Ceremony<\/strong><\/h3>\n\n\n\n<p>Reserve your <strong>free pass<\/strong> to attend the SilverNight, the grand Gala evening of the SilverEco Ageing Well Awards, on September 14th at 6:00 PM at the Palais des Festivals \u2013 Cannes.<\/p>\n\n\n\n<h4 class=\"wp-block-heading\"><a href=\"https:\/\/www.silvereco.org\/festival\/en\/contact-us\/\">&gt; <\/a><a href=\"https:\/\/silvereco.org\/pass\/\">Book my free participation<\/a><\/h4>\n<\/div>\n<\/div>\n\n\n\n<p><\/p>\n","protected":false},"excerpt":{"rendered":"<p>Participer au Festival International SilverEco En participant au Festival International B2B, vous obtenez un Pass Pro vous permettant de : Participate in the SilverEco International Festival By participating in the International B2B Festival, you receive a Pro Pass that allows you to: &gt; R\u00e9server ma participation, \u00e9diter mon Pass B2B Le Festival SilverEco est r\u00e9serv\u00e9 [&hellip;]<\/p>\n","protected":false},"author":7,"featured_media":0,"parent":0,"menu_order":0,"comment_status":"closed","ping_status":"closed","template":"","meta":{"_uag_custom_page_level_css":"","site-sidebar-layout":"default","site-content-layout":"","ast-site-content-layout":"default","site-content-style":"default","site-sidebar-style":"default","ast-global-header-display":"","ast-banner-title-visibility":"","ast-main-header-display":"","ast-hfb-above-header-display":"","ast-hfb-below-header-display":"","ast-hfb-mobile-header-display":"","site-post-title":"disabled","ast-breadcrumbs-content":"","ast-featured-img":"","footer-sml-layout":"","ast-disable-related-posts":"","theme-transparent-header-meta":"","adv-header-id-meta":"","stick-header-meta":"","header-above-stick-meta":"","header-main-stick-meta":"","header-below-stick-meta":"","astra-migrate-meta-layouts":"set","ast-page-background-enabled":"default","ast-page-background-meta":{"desktop":{"background-color":"var(--ast-global-color-4)","background-image":"","background-repeat":"repeat","background-position":"center center","background-size":"auto","background-attachment":"scroll","background-type":"","background-media":"","overlay-type":"","overlay-color":"","overlay-opacity":"","overlay-gradient":""},"tablet":{"background-color":"","background-image":"","background-repeat":"repeat","background-position":"center center","background-size":"auto","background-attachment":"scroll","background-type":"","background-media":"","overlay-type":"","overlay-color":"","overlay-opacity":"","overlay-gradient":""},"mobile":{"background-color":"","background-image":"","background-repeat":"repeat","background-position":"center center","background-size":"auto","background-attachment":"scroll","background-type":"","background-media":"","overlay-type":"","overlay-color":"","overlay-opacity":"","overlay-gradient":""}},"ast-content-background-meta":{"desktop":{"background-color":"var(--ast-global-color-5)","background-image":"","background-repeat":"repeat","background-position":"center center","background-size":"auto","background-attachment":"scroll","background-type":"","background-media":"","overlay-type":"","overlay-color":"","overlay-opacity":"","overlay-gradient":""},"tablet":{"background-color":"var(--ast-global-color-5)","background-image":"","background-repeat":"repeat","background-position":"center center","background-size":"auto","background-attachment":"scroll","background-type":"","background-media":"","overlay-type":"","overlay-color":"","overlay-opacity":"","overlay-gradient":""},"mobile":{"background-color":"var(--ast-global-color-5)","background-image":"","background-repeat":"repeat","background-position":"center center","background-size":"auto","background-attachment":"scroll","background-type":"","background-media":"","overlay-type":"","overlay-color":"","overlay-opacity":"","overlay-gradient":""}},"ngg_post_thumbnail":0,"footnotes":""},"categories":[],"class_list":["post-18970","page","type-page","status-publish","hentry"],"yoast_head":"<!-- This site is optimized with the Yoast SEO plugin v27.2 - https:\/\/yoast.com\/product\/yoast-seo-wordpress\/ -->\n<title>VISITEURS - Salon de la fili\u00e8re Silver \u00e9conomie et Assises Silver Eco Bien-Vieillir<\/title>\n<meta name=\"robots\" content=\"index, follow, max-snippet:-1, max-image-preview:large, max-video-preview:-1\" \/>\n<link rel=\"canonical\" href=\"https:\/\/www.silvereco.org\/festival\/fr\/visiteurs\/\" \/>\n<meta property=\"og:locale\" content=\"fr_FR\" \/>\n<meta property=\"og:type\" content=\"article\" \/>\n<meta property=\"og:title\" content=\"VISITEURS - Salon de la fili\u00e8re Silver \u00e9conomie et Assises Silver Eco Bien-Vieillir\" \/>\n<meta property=\"og:description\" content=\"Participer au Festival International SilverEco En participant au Festival International B2B, vous obtenez un Pass Pro vous permettant de : Participate in the SilverEco International Festival By participating in the International B2B Festival, you receive a Pro Pass that allows you to: &gt; R\u00e9server ma participation, \u00e9diter mon Pass B2B Le Festival SilverEco est r\u00e9serv\u00e9 [&hellip;]\" \/>\n<meta property=\"og:url\" content=\"https:\/\/www.silvereco.org\/festival\/fr\/visiteurs\/\" \/>\n<meta property=\"og:site_name\" content=\"Salon de la fili\u00e8re Silver \u00e9conomie et Assises Silver Eco Bien-Vieillir\" \/>\n<meta property=\"article:modified_time\" content=\"2026-01-22T13:24:38+00:00\" \/>\n<meta property=\"og:image\" content=\"https:\/\/www.silvereco.org\/festival\/en\/wp-content\/medias\/2022\/12\/Cocktail_Sante-395843.jpg\" \/>\n<meta name=\"twitter:card\" content=\"summary_large_image\" \/>\n<meta name=\"twitter:label1\" content=\"Dur\u00e9e de lecture estim\u00e9e\" \/>\n\t<meta name=\"twitter:data1\" content=\"2 minutes\" \/>\n<script type=\"application\/ld+json\" class=\"yoast-schema-graph\">{\"@context\":\"https:\/\/schema.org\",\"@graph\":[{\"@type\":\"WebPage\",\"@id\":\"https:\/\/www.silvereco.org\/festival\/fr\/visiteurs\/\",\"url\":\"https:\/\/www.silvereco.org\/festival\/fr\/visiteurs\/\",\"name\":\"VISITEURS - Salon de la fili\u00e8re Silver \u00e9conomie et Assises Silver Eco Bien-Vieillir\",\"isPartOf\":{\"@id\":\"https:\/\/www.silvereco.org\/festival\/fr\/#website\"},\"primaryImageOfPage\":{\"@id\":\"https:\/\/www.silvereco.org\/festival\/fr\/visiteurs\/#primaryimage\"},\"image\":{\"@id\":\"https:\/\/www.silvereco.org\/festival\/fr\/visiteurs\/#primaryimage\"},\"thumbnailUrl\":\"https:\/\/www.silvereco.org\/festival\/en\/wp-content\/medias\/2022\/12\/Cocktail_Sante-395843.jpg\",\"datePublished\":\"2022-12-07T15:18:02+00:00\",\"dateModified\":\"2026-01-22T13:24:38+00:00\",\"breadcrumb\":{\"@id\":\"https:\/\/www.silvereco.org\/festival\/fr\/visiteurs\/#breadcrumb\"},\"inLanguage\":\"fr-FR\",\"potentialAction\":[{\"@type\":\"ReadAction\",\"target\":[\"https:\/\/www.silvereco.org\/festival\/fr\/visiteurs\/\"]}]},{\"@type\":\"ImageObject\",\"inLanguage\":\"fr-FR\",\"@id\":\"https:\/\/www.silvereco.org\/festival\/fr\/visiteurs\/#primaryimage\",\"url\":\"https:\/\/www.silvereco.org\/festival\/en\/wp-content\/medias\/2022\/12\/Cocktail_Sante-395843.jpg\",\"contentUrl\":\"https:\/\/www.silvereco.org\/festival\/en\/wp-content\/medias\/2022\/12\/Cocktail_Sante-395843.jpg\"},{\"@type\":\"BreadcrumbList\",\"@id\":\"https:\/\/www.silvereco.org\/festival\/fr\/visiteurs\/#breadcrumb\",\"itemListElement\":[{\"@type\":\"ListItem\",\"position\":1,\"name\":\"Accueil\",\"item\":\"https:\/\/www.silvereco.org\/festival\/fr\/\"},{\"@type\":\"ListItem\",\"position\":2,\"name\":\"VISITEURS\"}]},{\"@type\":\"WebSite\",\"@id\":\"https:\/\/www.silvereco.org\/festival\/fr\/#website\",\"url\":\"https:\/\/www.silvereco.org\/festival\/fr\/\",\"name\":\"Salon de la fili\u00e8re Silver \u00e9conomie et Assises Silver Eco\",\"description\":\"International Silver Economy and Ageing Well Festival\",\"publisher\":{\"@id\":\"https:\/\/www.silvereco.org\/festival\/fr\/#organization\"},\"potentialAction\":[{\"@type\":\"SearchAction\",\"target\":{\"@type\":\"EntryPoint\",\"urlTemplate\":\"https:\/\/www.silvereco.org\/festival\/fr\/?s={search_term_string}\"},\"query-input\":{\"@type\":\"PropertyValueSpecification\",\"valueRequired\":true,\"valueName\":\"search_term_string\"}}],\"inLanguage\":\"fr-FR\"},{\"@type\":\"Organization\",\"@id\":\"https:\/\/www.silvereco.org\/festival\/fr\/#organization\",\"name\":\"International Silver Economy and Ageing Well Festival\",\"url\":\"https:\/\/www.silvereco.org\/festival\/fr\/\",\"logo\":{\"@type\":\"ImageObject\",\"inLanguage\":\"fr-FR\",\"@id\":\"https:\/\/www.silvereco.org\/festival\/fr\/#\/schema\/logo\/image\/\",\"url\":\"https:\/\/www.silvereco.org\/festival\/fr\/wp-content\/medias\/2022\/12\/cropped-festival-silvereco-2020-2-300x93-1.png\",\"contentUrl\":\"https:\/\/www.silvereco.org\/festival\/fr\/wp-content\/medias\/2022\/12\/cropped-festival-silvereco-2020-2-300x93-1.png\",\"width\":300,\"height\":93,\"caption\":\"International Silver Economy and Ageing Well Festival\"},\"image\":{\"@id\":\"https:\/\/www.silvereco.org\/festival\/fr\/#\/schema\/logo\/image\/\"}}]}<\/script>\n<!-- \/ Yoast SEO plugin. -->","yoast_head_json":{"title":"VISITEURS - Salon de la fili\u00e8re Silver \u00e9conomie et Assises Silver Eco Bien-Vieillir","robots":{"index":"index","follow":"follow","max-snippet":"max-snippet:-1","max-image-preview":"max-image-preview:large","max-video-preview":"max-video-preview:-1"},"canonical":"https:\/\/www.silvereco.org\/festival\/fr\/visiteurs\/","og_locale":"fr_FR","og_type":"article","og_title":"VISITEURS - Salon de la fili\u00e8re Silver \u00e9conomie et Assises Silver Eco Bien-Vieillir","og_description":"Participer au Festival International SilverEco En participant au Festival International B2B, vous obtenez un Pass Pro vous permettant de : Participate in the SilverEco International Festival By participating in the International B2B Festival, you receive a Pro Pass that allows you to: &gt; R\u00e9server ma participation, \u00e9diter mon Pass B2B Le Festival SilverEco est r\u00e9serv\u00e9 [&hellip;]","og_url":"https:\/\/www.silvereco.org\/festival\/fr\/visiteurs\/","og_site_name":"Salon de la fili\u00e8re Silver \u00e9conomie et Assises Silver Eco Bien-Vieillir","article_modified_time":"2026-01-22T13:24:38+00:00","og_image":[{"url":"https:\/\/www.silvereco.org\/festival\/en\/wp-content\/medias\/2022\/12\/Cocktail_Sante-395843.jpg","type":"","width":"","height":""}],"twitter_card":"summary_large_image","twitter_misc":{"Dur\u00e9e de lecture estim\u00e9e":"2 minutes"},"schema":{"@context":"https:\/\/schema.org","@graph":[{"@type":"WebPage","@id":"https:\/\/www.silvereco.org\/festival\/fr\/visiteurs\/","url":"https:\/\/www.silvereco.org\/festival\/fr\/visiteurs\/","name":"VISITEURS - Salon de la fili\u00e8re Silver \u00e9conomie et Assises Silver Eco Bien-Vieillir","isPartOf":{"@id":"https:\/\/www.silvereco.org\/festival\/fr\/#website"},"primaryImageOfPage":{"@id":"https:\/\/www.silvereco.org\/festival\/fr\/visiteurs\/#primaryimage"},"image":{"@id":"https:\/\/www.silvereco.org\/festival\/fr\/visiteurs\/#primaryimage"},"thumbnailUrl":"https:\/\/www.silvereco.org\/festival\/en\/wp-content\/medias\/2022\/12\/Cocktail_Sante-395843.jpg","datePublished":"2022-12-07T15:18:02+00:00","dateModified":"2026-01-22T13:24:38+00:00","breadcrumb":{"@id":"https:\/\/www.silvereco.org\/festival\/fr\/visiteurs\/#breadcrumb"},"inLanguage":"fr-FR","potentialAction":[{"@type":"ReadAction","target":["https:\/\/www.silvereco.org\/festival\/fr\/visiteurs\/"]}]},{"@type":"ImageObject","inLanguage":"fr-FR","@id":"https:\/\/www.silvereco.org\/festival\/fr\/visiteurs\/#primaryimage","url":"https:\/\/www.silvereco.org\/festival\/en\/wp-content\/medias\/2022\/12\/Cocktail_Sante-395843.jpg","contentUrl":"https:\/\/www.silvereco.org\/festival\/en\/wp-content\/medias\/2022\/12\/Cocktail_Sante-395843.jpg"},{"@type":"BreadcrumbList","@id":"https:\/\/www.silvereco.org\/festival\/fr\/visiteurs\/#breadcrumb","itemListElement":[{"@type":"ListItem","position":1,"name":"Accueil","item":"https:\/\/www.silvereco.org\/festival\/fr\/"},{"@type":"ListItem","position":2,"name":"VISITEURS"}]},{"@type":"WebSite","@id":"https:\/\/www.silvereco.org\/festival\/fr\/#website","url":"https:\/\/www.silvereco.org\/festival\/fr\/","name":"Salon de la fili\u00e8re Silver \u00e9conomie et Assises Silver Eco","description":"International Silver Economy and Ageing Well Festival","publisher":{"@id":"https:\/\/www.silvereco.org\/festival\/fr\/#organization"},"potentialAction":[{"@type":"SearchAction","target":{"@type":"EntryPoint","urlTemplate":"https:\/\/www.silvereco.org\/festival\/fr\/?s={search_term_string}"},"query-input":{"@type":"PropertyValueSpecification","valueRequired":true,"valueName":"search_term_string"}}],"inLanguage":"fr-FR"},{"@type":"Organization","@id":"https:\/\/www.silvereco.org\/festival\/fr\/#organization","name":"International Silver Economy and Ageing Well Festival","url":"https:\/\/www.silvereco.org\/festival\/fr\/","logo":{"@type":"ImageObject","inLanguage":"fr-FR","@id":"https:\/\/www.silvereco.org\/festival\/fr\/#\/schema\/logo\/image\/","url":"https:\/\/www.silvereco.org\/festival\/fr\/wp-content\/medias\/2022\/12\/cropped-festival-silvereco-2020-2-300x93-1.png","contentUrl":"https:\/\/www.silvereco.org\/festival\/fr\/wp-content\/medias\/2022\/12\/cropped-festival-silvereco-2020-2-300x93-1.png","width":300,"height":93,"caption":"International Silver Economy and Ageing Well Festival"},"image":{"@id":"https:\/\/www.silvereco.org\/festival\/fr\/#\/schema\/logo\/image\/"}}]}},"uagb_featured_image_src":{"full":false,"thumbnail":false,"medium":false,"medium_large":false,"large":false,"1536x1536":false,"2048x2048":false},"uagb_author_info":{"display_name":"Silver Economy","author_link":"https:\/\/www.silvereco.org\/festival\/fr\/author\/festredac26\/"},"uagb_comment_info":0,"uagb_excerpt":"Participer au Festival International SilverEco En participant au Festival International B2B, vous obtenez un Pass Pro vous permettant de : Participate in the SilverEco International Festival By participating in the International B2B Festival, you receive a Pro Pass that allows you to: &gt; R\u00e9server ma participation, \u00e9diter mon Pass B2B Le Festival SilverEco est r\u00e9serv\u00e9\u2026","_links":{"self":[{"href":"https:\/\/www.silvereco.org\/festival\/fr\/wp-json\/wp\/v2\/pages\/18970","targetHints":{"allow":["GET"]}}],"collection":[{"href":"https:\/\/www.silvereco.org\/festival\/fr\/wp-json\/wp\/v2\/pages"}],"about":[{"href":"https:\/\/www.silvereco.org\/festival\/fr\/wp-json\/wp\/v2\/types\/page"}],"author":[{"embeddable":true,"href":"https:\/\/www.silvereco.org\/festival\/fr\/wp-json\/wp\/v2\/users\/7"}],"replies":[{"embeddable":true,"href":"https:\/\/www.silvereco.org\/festival\/fr\/wp-json\/wp\/v2\/comments?post=18970"}],"version-history":[{"count":14,"href":"https:\/\/www.silvereco.org\/festival\/fr\/wp-json\/wp\/v2\/pages\/18970\/revisions"}],"predecessor-version":[{"id":84396,"href":"https:\/\/www.silvereco.org\/festival\/fr\/wp-json\/wp\/v2\/pages\/18970\/revisions\/84396"}],"wp:attachment":[{"href":"https:\/\/www.silvereco.org\/festival\/fr\/wp-json\/wp\/v2\/media?parent=18970"}],"wp:term":[{"taxonomy":"category","embeddable":true,"href":"https:\/\/www.silvereco.org\/festival\/fr\/wp-json\/wp\/v2\/categories?post=18970"}],"curies":[{"name":"wp","href":"https:\/\/api.w.org\/{rel}","templated":true}]}}