{"id":18942,"date":"2022-12-07T15:02:17","date_gmt":"2022-12-07T14:02:17","guid":{"rendered":"https:\/\/www.silvereco.org\/festival\/fr\/?page_id=18942"},"modified":"2026-01-22T14:24:37","modified_gmt":"2026-01-22T13:24:37","slug":"startups","status":"publish","type":"page","link":"https:\/\/www.silvereco.org\/festival\/fr\/startups\/","title":{"rendered":"STARTUPS"},"content":{"rendered":"\n<div class=\"wp-block-columns is-layout-flex wp-container-core-columns-is-layout-28f84493 wp-block-columns-is-layout-flex\">\n<div class=\"wp-block-column is-layout-flow wp-block-column-is-layout-flow\">\n<h3 class=\"wp-block-heading\"><strong>Vous cherchez plus de visibilit\u00e9 et des moyens de mettre en valeur votre startup ?<\/strong><\/h3>\n\n\n\n<p>Plusieurs opportunit\u00e9s s&#8217;offrent \u00e0 vous pour participer \u00e0 la 18\u00e8me \u00e9dition du Festival SilverEco Bien-Vieillir, et tisser des relations avec des leaders du secteur, des investisseurs, des entreprises, ainsi que tout l&#8217;\u00e9cosyst\u00e8me du bien-vieillir et de la transition d\u00e9mographique.<\/p>\n<\/div>\n\n\n\n<div class=\"wp-block-column is-layout-flow wp-block-column-is-layout-flow\">\n<h3 class=\"wp-block-heading\"><strong>Are you looking for more visibility and ways to showcase your startup?<\/strong><\/h3>\n\n\n\n<p>Several opportunities are available for you to participate in the 18th edition of the SilverEco Ageing Well Festival, and to build relationships with industry leaders, investors, companies, as well as the entire Ageing Well and Demographic Transition ecosystem.<br><\/p>\n<\/div>\n<\/div>\n\n\n\n<div class=\"wp-block-columns is-layout-flex wp-container-core-columns-is-layout-28f84493 wp-block-columns-is-layout-flex\">\n<div class=\"wp-block-column is-layout-flow wp-block-column-is-layout-flow\">\n<div class=\"wp-block-uagb-image uagb-block-f5820f06 wp-block-uagb-image--layout-default wp-block-uagb-image--effect-static wp-block-uagb-image--align-none\"><figure class=\"wp-block-uagb-image__figure\"><img decoding=\"async\" srcset=\"https:\/\/www.silvereco.org\/festival\/fr\/wp-content\/medias\/2025\/12\/start-up-1.jpg ,https:\/\/www.silvereco.org\/festival\/fr\/wp-content\/medias\/2025\/12\/start-up-1.jpg 780w, https:\/\/www.silvereco.org\/festival\/fr\/wp-content\/medias\/2025\/12\/start-up-1.jpg 360w\" sizes=\"auto, (max-width: 480px) 150px\" src=\"https:\/\/www.silvereco.org\/festival\/fr\/wp-content\/medias\/2025\/12\/start-up-1.jpg\" alt=\"\" class=\"uag-image-84407\" width=\"800\" height=\"534\" title=\"start up 1\" loading=\"lazy\" role=\"img\"\/><\/figure><\/div>\n<\/div>\n\n\n\n<div class=\"wp-block-column is-layout-flow wp-block-column-is-layout-flow\">\n<div class=\"wp-block-uagb-image uagb-block-f7d97299 wp-block-uagb-image--layout-default wp-block-uagb-image--effect-static wp-block-uagb-image--align-none\"><figure class=\"wp-block-uagb-image__figure\"><img decoding=\"async\" srcset=\"https:\/\/www.silvereco.org\/festival\/fr\/wp-content\/medias\/2025\/12\/start-up-2.jpg ,https:\/\/www.silvereco.org\/festival\/fr\/wp-content\/medias\/2025\/12\/start-up-2.jpg 780w, https:\/\/www.silvereco.org\/festival\/fr\/wp-content\/medias\/2025\/12\/start-up-2.jpg 360w\" sizes=\"auto, (max-width: 480px) 150px\" src=\"https:\/\/www.silvereco.org\/festival\/fr\/wp-content\/medias\/2025\/12\/start-up-2.jpg\" alt=\"\" class=\"uag-image-84408\" width=\"800\" height=\"534\" title=\"start up 2\" loading=\"lazy\" role=\"img\"\/><\/figure><\/div>\n<\/div>\n\n\n\n<div class=\"wp-block-column is-layout-flow wp-block-column-is-layout-flow\">\n<div class=\"wp-block-uagb-image uagb-block-a52d8000 wp-block-uagb-image--layout-default wp-block-uagb-image--effect-static wp-block-uagb-image--align-none\"><figure class=\"wp-block-uagb-image__figure\"><img decoding=\"async\" srcset=\"https:\/\/www.silvereco.org\/festival\/fr\/wp-content\/medias\/2025\/12\/start-up-3.jpg ,https:\/\/www.silvereco.org\/festival\/fr\/wp-content\/medias\/2025\/12\/start-up-3.jpg 780w, https:\/\/www.silvereco.org\/festival\/fr\/wp-content\/medias\/2025\/12\/start-up-3.jpg 360w\" sizes=\"auto, (max-width: 480px) 150px\" src=\"https:\/\/www.silvereco.org\/festival\/fr\/wp-content\/medias\/2025\/12\/start-up-3.jpg\" alt=\"\" class=\"uag-image-84409\" width=\"800\" height=\"534\" title=\"start up 3\" loading=\"lazy\" role=\"img\"\/><\/figure><\/div>\n<\/div>\n<\/div>\n\n\n\n<div class=\"wp-block-columns is-layout-flex wp-container-core-columns-is-layout-28f84493 wp-block-columns-is-layout-flex\">\n<div class=\"wp-block-column is-layout-flow wp-block-column-is-layout-flow\">\n<h4 class=\"wp-block-heading\"><strong>Vous pouvez <\/strong><\/h4>\n\n\n\n<ul class=\"wp-block-list\">\n<li><strong>Exposer<\/strong> au sein de Village Startup<\/li>\n\n\n\n<li><strong>\u00c9changer<\/strong> avec les visiteurs et autres exposants du Festival et d\u00e9couvrir leurs solutions afin de faire les choix les plus pertinents pour votre entreprise, mais surtout, \u00e9changer avec vos futurs clients, partenaires et investisseurs.<\/li>\n<\/ul>\n\n\n\n<h4 class=\"wp-block-heading\"><a href=\"https:\/\/www.silvereco.org\/festival\/fr\/contact-2\/\">&gt; Devenez Exposant<\/a><\/h4>\n\n\n\n<h4 class=\"wp-block-heading\"><strong>Et\/Ou<\/strong><\/h4>\n\n\n\n<ul class=\"wp-block-list\">\n<li><strong>Candidater<\/strong> pour les Troph\u00e9es SilverEco<\/li>\n\n\n\n<li>Pitcher votre projet, votre innovation, votre solution devant un <strong>Jury d&#8217;Experts reconnus<\/strong> et obtenir de nouveaux financements, booster votre business et votre croissance !<\/li>\n<\/ul>\n\n\n\n<h4 class=\"wp-block-heading\"><a href=\"https:\/\/www.silvereco.org\/festival\/fr\/contact-2\/\">&gt; Candidatez aux Troph\u00e9es SilverEco<\/a><\/h4>\n<\/div>\n\n\n\n<div class=\"wp-block-column is-layout-flow wp-block-column-is-layout-flow\">\n<h4 class=\"wp-block-heading\"><strong>You can<\/strong><\/h4>\n\n\n\n<ul class=\"wp-block-list\">\n<li><strong>Exhibit <\/strong>in the Startup Village<\/li>\n\n\n\n<li><strong>Connect<\/strong> with visitors and other exhibitors at the Festival and discover their solutions afin de faire les choix les plus pertinents pour votre entreprise, mais surtout, \u00e9changer avec vos futurs clients, partenaires et investisseurs.<\/li>\n<\/ul>\n\n\n\n<h4 class=\"wp-block-heading\"><a href=\"https:\/\/www.silvereco.org\/festival\/fr\/contact-2\/\">&gt; Become an Exhibitor<\/a><\/h4>\n\n\n\n<h4 class=\"wp-block-heading\"><strong>And\/Or<\/strong><\/h4>\n\n\n\n<ul class=\"wp-block-list\">\n<li><strong>Apply <\/strong>for the SilverEco Awards<\/li>\n\n\n\n<li>Pitch your project, innovation, or solution in front of a <strong>panel of recognized experts<\/strong>, secure new funding, and boost your business and growth!<\/li>\n<\/ul>\n\n\n\n<h4 class=\"wp-block-heading\"><a href=\"https:\/\/www.silvereco.org\/festival\/fr\/contact-2\/\">&gt; Apply for the SilverEco Awards<\/a><\/h4>\n<\/div>\n<\/div>\n","protected":false},"excerpt":{"rendered":"<p>Vous cherchez plus de visibilit\u00e9 et des moyens de mettre en valeur votre startup ? Plusieurs opportunit\u00e9s s&#8217;offrent \u00e0 vous pour participer \u00e0 la 18\u00e8me \u00e9dition du Festival SilverEco Bien-Vieillir, et tisser des relations avec des leaders du secteur, des investisseurs, des entreprises, ainsi que tout l&#8217;\u00e9cosyst\u00e8me du bien-vieillir et de la transition d\u00e9mographique. Are [&hellip;]<\/p>\n","protected":false},"author":7,"featured_media":0,"parent":0,"menu_order":0,"comment_status":"closed","ping_status":"closed","template":"","meta":{"_uag_custom_page_level_css":"","site-sidebar-layout":"default","site-content-layout":"","ast-site-content-layout":"default","site-content-style":"default","site-sidebar-style":"default","ast-global-header-display":"","ast-banner-title-visibility":"","ast-main-header-display":"","ast-hfb-above-header-display":"","ast-hfb-below-header-display":"","ast-hfb-mobile-header-display":"","site-post-title":"disabled","ast-breadcrumbs-content":"","ast-featured-img":"","footer-sml-layout":"","ast-disable-related-posts":"","theme-transparent-header-meta":"","adv-header-id-meta":"","stick-header-meta":"","header-above-stick-meta":"","header-main-stick-meta":"","header-below-stick-meta":"","astra-migrate-meta-layouts":"set","ast-page-background-enabled":"default","ast-page-background-meta":{"desktop":{"background-color":"var(--ast-global-color-4)","background-image":"","background-repeat":"repeat","background-position":"center center","background-size":"auto","background-attachment":"scroll","background-type":"","background-media":"","overlay-type":"","overlay-color":"","overlay-opacity":"","overlay-gradient":""},"tablet":{"background-color":"","background-image":"","background-repeat":"repeat","background-position":"center center","background-size":"auto","background-attachment":"scroll","background-type":"","background-media":"","overlay-type":"","overlay-color":"","overlay-opacity":"","overlay-gradient":""},"mobile":{"background-color":"","background-image":"","background-repeat":"repeat","background-position":"center center","background-size":"auto","background-attachment":"scroll","background-type":"","background-media":"","overlay-type":"","overlay-color":"","overlay-opacity":"","overlay-gradient":""}},"ast-content-background-meta":{"desktop":{"background-color":"var(--ast-global-color-5)","background-image":"","background-repeat":"repeat","background-position":"center center","background-size":"auto","background-attachment":"scroll","background-type":"","background-media":"","overlay-type":"","overlay-color":"","overlay-opacity":"","overlay-gradient":""},"tablet":{"background-color":"var(--ast-global-color-5)","background-image":"","background-repeat":"repeat","background-position":"center center","background-size":"auto","background-attachment":"scroll","background-type":"","background-media":"","overlay-type":"","overlay-color":"","overlay-opacity":"","overlay-gradient":""},"mobile":{"background-color":"var(--ast-global-color-5)","background-image":"","background-repeat":"repeat","background-position":"center center","background-size":"auto","background-attachment":"scroll","background-type":"","background-media":"","overlay-type":"","overlay-color":"","overlay-opacity":"","overlay-gradient":""}},"ngg_post_thumbnail":0,"footnotes":""},"categories":[],"class_list":["post-18942","page","type-page","status-publish","hentry"],"yoast_head":"<!-- This site is optimized with the Yoast SEO plugin v27.2 - https:\/\/yoast.com\/product\/yoast-seo-wordpress\/ -->\n<title>STARTUPS - Salon de la fili\u00e8re Silver \u00e9conomie et Assises Silver Eco Bien-Vieillir<\/title>\n<meta name=\"robots\" content=\"index, follow, max-snippet:-1, max-image-preview:large, max-video-preview:-1\" \/>\n<link rel=\"canonical\" href=\"https:\/\/www.silvereco.org\/festival\/fr\/startups\/\" \/>\n<meta property=\"og:locale\" content=\"fr_FR\" \/>\n<meta property=\"og:type\" content=\"article\" \/>\n<meta property=\"og:title\" content=\"STARTUPS - Salon de la fili\u00e8re Silver \u00e9conomie et Assises Silver Eco Bien-Vieillir\" \/>\n<meta property=\"og:description\" content=\"Vous cherchez plus de visibilit\u00e9 et des moyens de mettre en valeur votre startup ? Plusieurs opportunit\u00e9s s&#8217;offrent \u00e0 vous pour participer \u00e0 la 18\u00e8me \u00e9dition du Festival SilverEco Bien-Vieillir, et tisser des relations avec des leaders du secteur, des investisseurs, des entreprises, ainsi que tout l&#8217;\u00e9cosyst\u00e8me du bien-vieillir et de la transition d\u00e9mographique. Are [&hellip;]\" \/>\n<meta property=\"og:url\" content=\"https:\/\/www.silvereco.org\/festival\/fr\/startups\/\" \/>\n<meta property=\"og:site_name\" content=\"Salon de la fili\u00e8re Silver \u00e9conomie et Assises Silver Eco Bien-Vieillir\" \/>\n<meta property=\"article:modified_time\" content=\"2026-01-22T13:24:37+00:00\" \/>\n<meta property=\"og:image\" content=\"https:\/\/www.silvereco.org\/festival\/fr\/wp-content\/medias\/2025\/12\/start-up-1.jpg\" \/>\n<meta name=\"twitter:card\" content=\"summary_large_image\" \/>\n<meta name=\"twitter:label1\" content=\"Dur\u00e9e de lecture estim\u00e9e\" \/>\n\t<meta name=\"twitter:data1\" content=\"3 minutes\" \/>\n<script type=\"application\/ld+json\" class=\"yoast-schema-graph\">{\"@context\":\"https:\/\/schema.org\",\"@graph\":[{\"@type\":\"WebPage\",\"@id\":\"https:\/\/www.silvereco.org\/festival\/fr\/startups\/\",\"url\":\"https:\/\/www.silvereco.org\/festival\/fr\/startups\/\",\"name\":\"STARTUPS - Salon de la fili\u00e8re Silver \u00e9conomie et Assises Silver Eco Bien-Vieillir\",\"isPartOf\":{\"@id\":\"https:\/\/www.silvereco.org\/festival\/fr\/#website\"},\"primaryImageOfPage\":{\"@id\":\"https:\/\/www.silvereco.org\/festival\/fr\/startups\/#primaryimage\"},\"image\":{\"@id\":\"https:\/\/www.silvereco.org\/festival\/fr\/startups\/#primaryimage\"},\"thumbnailUrl\":\"https:\/\/www.silvereco.org\/festival\/fr\/wp-content\/medias\/2025\/12\/start-up-1.jpg\",\"datePublished\":\"2022-12-07T14:02:17+00:00\",\"dateModified\":\"2026-01-22T13:24:37+00:00\",\"breadcrumb\":{\"@id\":\"https:\/\/www.silvereco.org\/festival\/fr\/startups\/#breadcrumb\"},\"inLanguage\":\"fr-FR\",\"potentialAction\":[{\"@type\":\"ReadAction\",\"target\":[\"https:\/\/www.silvereco.org\/festival\/fr\/startups\/\"]}]},{\"@type\":\"ImageObject\",\"inLanguage\":\"fr-FR\",\"@id\":\"https:\/\/www.silvereco.org\/festival\/fr\/startups\/#primaryimage\",\"url\":\"https:\/\/www.silvereco.org\/festival\/fr\/wp-content\/medias\/2025\/12\/start-up-1.jpg\",\"contentUrl\":\"https:\/\/www.silvereco.org\/festival\/fr\/wp-content\/medias\/2025\/12\/start-up-1.jpg\",\"width\":800,\"height\":534},{\"@type\":\"BreadcrumbList\",\"@id\":\"https:\/\/www.silvereco.org\/festival\/fr\/startups\/#breadcrumb\",\"itemListElement\":[{\"@type\":\"ListItem\",\"position\":1,\"name\":\"Accueil\",\"item\":\"https:\/\/www.silvereco.org\/festival\/fr\/\"},{\"@type\":\"ListItem\",\"position\":2,\"name\":\"STARTUPS\"}]},{\"@type\":\"WebSite\",\"@id\":\"https:\/\/www.silvereco.org\/festival\/fr\/#website\",\"url\":\"https:\/\/www.silvereco.org\/festival\/fr\/\",\"name\":\"Salon de la fili\u00e8re Silver \u00e9conomie et Assises Silver Eco\",\"description\":\"International Silver Economy and Ageing Well Festival\",\"publisher\":{\"@id\":\"https:\/\/www.silvereco.org\/festival\/fr\/#organization\"},\"potentialAction\":[{\"@type\":\"SearchAction\",\"target\":{\"@type\":\"EntryPoint\",\"urlTemplate\":\"https:\/\/www.silvereco.org\/festival\/fr\/?s={search_term_string}\"},\"query-input\":{\"@type\":\"PropertyValueSpecification\",\"valueRequired\":true,\"valueName\":\"search_term_string\"}}],\"inLanguage\":\"fr-FR\"},{\"@type\":\"Organization\",\"@id\":\"https:\/\/www.silvereco.org\/festival\/fr\/#organization\",\"name\":\"International Silver Economy and Ageing Well Festival\",\"url\":\"https:\/\/www.silvereco.org\/festival\/fr\/\",\"logo\":{\"@type\":\"ImageObject\",\"inLanguage\":\"fr-FR\",\"@id\":\"https:\/\/www.silvereco.org\/festival\/fr\/#\/schema\/logo\/image\/\",\"url\":\"https:\/\/www.silvereco.org\/festival\/fr\/wp-content\/medias\/2022\/12\/cropped-festival-silvereco-2020-2-300x93-1.png\",\"contentUrl\":\"https:\/\/www.silvereco.org\/festival\/fr\/wp-content\/medias\/2022\/12\/cropped-festival-silvereco-2020-2-300x93-1.png\",\"width\":300,\"height\":93,\"caption\":\"International Silver Economy and Ageing Well Festival\"},\"image\":{\"@id\":\"https:\/\/www.silvereco.org\/festival\/fr\/#\/schema\/logo\/image\/\"}}]}<\/script>\n<!-- \/ Yoast SEO plugin. -->","yoast_head_json":{"title":"STARTUPS - Salon de la fili\u00e8re Silver \u00e9conomie et Assises Silver Eco Bien-Vieillir","robots":{"index":"index","follow":"follow","max-snippet":"max-snippet:-1","max-image-preview":"max-image-preview:large","max-video-preview":"max-video-preview:-1"},"canonical":"https:\/\/www.silvereco.org\/festival\/fr\/startups\/","og_locale":"fr_FR","og_type":"article","og_title":"STARTUPS - Salon de la fili\u00e8re Silver \u00e9conomie et Assises Silver Eco Bien-Vieillir","og_description":"Vous cherchez plus de visibilit\u00e9 et des moyens de mettre en valeur votre startup ? Plusieurs opportunit\u00e9s s&#8217;offrent \u00e0 vous pour participer \u00e0 la 18\u00e8me \u00e9dition du Festival SilverEco Bien-Vieillir, et tisser des relations avec des leaders du secteur, des investisseurs, des entreprises, ainsi que tout l&#8217;\u00e9cosyst\u00e8me du bien-vieillir et de la transition d\u00e9mographique. Are [&hellip;]","og_url":"https:\/\/www.silvereco.org\/festival\/fr\/startups\/","og_site_name":"Salon de la fili\u00e8re Silver \u00e9conomie et Assises Silver Eco Bien-Vieillir","article_modified_time":"2026-01-22T13:24:37+00:00","og_image":[{"url":"https:\/\/www.silvereco.org\/festival\/fr\/wp-content\/medias\/2025\/12\/start-up-1.jpg","type":"","width":"","height":""}],"twitter_card":"summary_large_image","twitter_misc":{"Dur\u00e9e de lecture estim\u00e9e":"3 minutes"},"schema":{"@context":"https:\/\/schema.org","@graph":[{"@type":"WebPage","@id":"https:\/\/www.silvereco.org\/festival\/fr\/startups\/","url":"https:\/\/www.silvereco.org\/festival\/fr\/startups\/","name":"STARTUPS - Salon de la fili\u00e8re Silver \u00e9conomie et Assises Silver Eco Bien-Vieillir","isPartOf":{"@id":"https:\/\/www.silvereco.org\/festival\/fr\/#website"},"primaryImageOfPage":{"@id":"https:\/\/www.silvereco.org\/festival\/fr\/startups\/#primaryimage"},"image":{"@id":"https:\/\/www.silvereco.org\/festival\/fr\/startups\/#primaryimage"},"thumbnailUrl":"https:\/\/www.silvereco.org\/festival\/fr\/wp-content\/medias\/2025\/12\/start-up-1.jpg","datePublished":"2022-12-07T14:02:17+00:00","dateModified":"2026-01-22T13:24:37+00:00","breadcrumb":{"@id":"https:\/\/www.silvereco.org\/festival\/fr\/startups\/#breadcrumb"},"inLanguage":"fr-FR","potentialAction":[{"@type":"ReadAction","target":["https:\/\/www.silvereco.org\/festival\/fr\/startups\/"]}]},{"@type":"ImageObject","inLanguage":"fr-FR","@id":"https:\/\/www.silvereco.org\/festival\/fr\/startups\/#primaryimage","url":"https:\/\/www.silvereco.org\/festival\/fr\/wp-content\/medias\/2025\/12\/start-up-1.jpg","contentUrl":"https:\/\/www.silvereco.org\/festival\/fr\/wp-content\/medias\/2025\/12\/start-up-1.jpg","width":800,"height":534},{"@type":"BreadcrumbList","@id":"https:\/\/www.silvereco.org\/festival\/fr\/startups\/#breadcrumb","itemListElement":[{"@type":"ListItem","position":1,"name":"Accueil","item":"https:\/\/www.silvereco.org\/festival\/fr\/"},{"@type":"ListItem","position":2,"name":"STARTUPS"}]},{"@type":"WebSite","@id":"https:\/\/www.silvereco.org\/festival\/fr\/#website","url":"https:\/\/www.silvereco.org\/festival\/fr\/","name":"Salon de la fili\u00e8re Silver \u00e9conomie et Assises Silver Eco","description":"International Silver Economy and Ageing Well Festival","publisher":{"@id":"https:\/\/www.silvereco.org\/festival\/fr\/#organization"},"potentialAction":[{"@type":"SearchAction","target":{"@type":"EntryPoint","urlTemplate":"https:\/\/www.silvereco.org\/festival\/fr\/?s={search_term_string}"},"query-input":{"@type":"PropertyValueSpecification","valueRequired":true,"valueName":"search_term_string"}}],"inLanguage":"fr-FR"},{"@type":"Organization","@id":"https:\/\/www.silvereco.org\/festival\/fr\/#organization","name":"International Silver Economy and Ageing Well Festival","url":"https:\/\/www.silvereco.org\/festival\/fr\/","logo":{"@type":"ImageObject","inLanguage":"fr-FR","@id":"https:\/\/www.silvereco.org\/festival\/fr\/#\/schema\/logo\/image\/","url":"https:\/\/www.silvereco.org\/festival\/fr\/wp-content\/medias\/2022\/12\/cropped-festival-silvereco-2020-2-300x93-1.png","contentUrl":"https:\/\/www.silvereco.org\/festival\/fr\/wp-content\/medias\/2022\/12\/cropped-festival-silvereco-2020-2-300x93-1.png","width":300,"height":93,"caption":"International Silver Economy and Ageing Well Festival"},"image":{"@id":"https:\/\/www.silvereco.org\/festival\/fr\/#\/schema\/logo\/image\/"}}]}},"uagb_featured_image_src":{"full":false,"thumbnail":false,"medium":false,"medium_large":false,"large":false,"1536x1536":false,"2048x2048":false},"uagb_author_info":{"display_name":"Silver Economy","author_link":"https:\/\/www.silvereco.org\/festival\/fr\/author\/festredac26\/"},"uagb_comment_info":0,"uagb_excerpt":"Vous cherchez plus de visibilit\u00e9 et des moyens de mettre en valeur votre startup ? Plusieurs opportunit\u00e9s s&#8217;offrent \u00e0 vous pour participer \u00e0 la 18\u00e8me \u00e9dition du Festival SilverEco Bien-Vieillir, et tisser des relations avec des leaders du secteur, des investisseurs, des entreprises, ainsi que tout l&#8217;\u00e9cosyst\u00e8me du bien-vieillir et de la transition d\u00e9mographique. Are\u2026","_links":{"self":[{"href":"https:\/\/www.silvereco.org\/festival\/fr\/wp-json\/wp\/v2\/pages\/18942","targetHints":{"allow":["GET"]}}],"collection":[{"href":"https:\/\/www.silvereco.org\/festival\/fr\/wp-json\/wp\/v2\/pages"}],"about":[{"href":"https:\/\/www.silvereco.org\/festival\/fr\/wp-json\/wp\/v2\/types\/page"}],"author":[{"embeddable":true,"href":"https:\/\/www.silvereco.org\/festival\/fr\/wp-json\/wp\/v2\/users\/7"}],"replies":[{"embeddable":true,"href":"https:\/\/www.silvereco.org\/festival\/fr\/wp-json\/wp\/v2\/comments?post=18942"}],"version-history":[{"count":27,"href":"https:\/\/www.silvereco.org\/festival\/fr\/wp-json\/wp\/v2\/pages\/18942\/revisions"}],"predecessor-version":[{"id":84411,"href":"https:\/\/www.silvereco.org\/festival\/fr\/wp-json\/wp\/v2\/pages\/18942\/revisions\/84411"}],"wp:attachment":[{"href":"https:\/\/www.silvereco.org\/festival\/fr\/wp-json\/wp\/v2\/media?parent=18942"}],"wp:term":[{"taxonomy":"category","embeddable":true,"href":"https:\/\/www.silvereco.org\/festival\/fr\/wp-json\/wp\/v2\/categories?post=18942"}],"curies":[{"name":"wp","href":"https:\/\/api.w.org\/{rel}","templated":true}]}}