{"id":1647,"date":"2011-08-04T13:18:29","date_gmt":"2011-08-04T12:18:29","guid":{"rendered":"http:\/\/www.silvereco.org\/en\/?page_id=1647"},"modified":"2026-01-22T13:47:07","modified_gmt":"2026-01-22T12:47:07","slug":"jerome-pigniez","status":"publish","type":"page","link":"https:\/\/www.silvereco.org\/en\/jerome-pigniez\/","title":{"rendered":"J\u00e9r\u00f4me PIGNIEZ"},"content":{"rendered":"<p><img loading=\"lazy\" decoding=\"async\" class=\"alignnone size-full wp-image-31280 alignleft\" src=\"http:\/\/www.silvereco.org\/en\/wp-content\/uploads\/2018\/08\/jerome-pigniez-1.png\" alt=\"\" width=\"181\" height=\"217\" \/>Founder of\u00a0<a href=\"http:\/\/www.silvereco.org\/en\"><strong>silvereco.org\/en<\/strong> (formerly\u00a0g\u00e9rontechnologie.net)<\/a>, J\u00e9r\u00f4me PIGNIEZ\u00a0animates this site as responsible for the publication: he and his team make a permanent watch on the Silver Economy, write articles, coordinate and submit proposals for articles to various editors.<\/p>\n<p>Expert in the field of technologies for autonomy and the Silver Economy, Jerome PIGNIEZ is regularly invited to speak at conferences, for writing books or in the context of working groups on the topic of aging.<\/p>\n<p>Furthermore, through its ON-MEDIO society it supports and advises companies in this sector.<\/p>\n<p>En 2009, he launched and co-produced &#8220;<a href=\"http:\/\/www.trophees-du-grand-age.fr\/\" target=\"_blank\" rel=\"noopener\">la Nuit du Grand \u00c2ge et du Bien Vieillir<\/a>&#8220;,\u00a0an event which aims to discover and reward structures involved in supporting the elderly.<br \/>\nHe actively participates in all initiatives to structure this sector: Asipag, Silver Valley,\u00a0SilverEconomie Ministry Working Groups&#8230;<\/p>\n<blockquote><p><strong>To Contact J\u00e9r\u00f4me PIGNIEZ<\/strong><\/p><\/blockquote>\n<blockquote><p><strong>ON MEDIO<br \/>\n<\/strong>3, rue Charlotte et Roger Bouchard &#8211; 94370 SUCY-EN-BRIE<\/p>\n<p>web : <a href=\"http:\/\/www.silvereco.org\/en\">www.silvereco.org\/en<\/a><br \/>\nmail : <a href=\"mailto:jpigniez@on-medio.com\">jpigniez@on-medio.com<\/a><br \/>\nphone. : +33 (0)1 84 23 03 56<br \/>\nSocial Media : <a href=\"https:\/\/plus.google.com\/101621296553223954538\/posts\" target=\"_blank\" rel=\"noopener\">Google+<\/a> &#8211; <a href=\"http:\/\/fr.linkedin.com\/in\/jeromepigniez\" target=\"_blank\" rel=\"noopener\">LinkedIn<\/a><\/p><\/blockquote>\n","protected":false},"excerpt":{"rendered":"<p>Founder of\u00a0silvereco.org\/en (formerly\u00a0g\u00e9rontechnologie.net), J\u00e9r\u00f4me PIGNIEZ\u00a0animates this site as responsible for the publication: he and his team make a permanent watch on the Silver Economy, write articles, coordinate and submit proposals for articles to various editors. Expert in the field of technologies for autonomy and the Silver Economy, Jerome PIGNIEZ is regularly invited to speak at [&hellip;]<\/p>\n","protected":false},"author":33,"featured_media":0,"parent":0,"menu_order":0,"comment_status":"closed","ping_status":"closed","template":"","meta":{"_uag_custom_page_level_css":"","site-sidebar-layout":"default","site-content-layout":"","ast-site-content-layout":"default","site-content-style":"default","site-sidebar-style":"default","ast-global-header-display":"","ast-banner-title-visibility":"","ast-main-header-display":"","ast-hfb-above-header-display":"","ast-hfb-below-header-display":"","ast-hfb-mobile-header-display":"","site-post-title":"","ast-breadcrumbs-content":"","ast-featured-img":"","footer-sml-layout":"","ast-disable-related-posts":"","theme-transparent-header-meta":"","adv-header-id-meta":"","stick-header-meta":"","header-above-stick-meta":"","header-main-stick-meta":"","header-below-stick-meta":"","astra-migrate-meta-layouts":"default","ast-page-background-enabled":"default","ast-page-background-meta":{"desktop":{"background-color":"var(--ast-global-color-4)","background-image":"","background-repeat":"repeat","background-position":"center center","background-size":"auto","background-attachment":"scroll","background-type":"","background-media":"","overlay-type":"","overlay-color":"","overlay-opacity":"","overlay-gradient":""},"tablet":{"background-color":"","background-image":"","background-repeat":"repeat","background-position":"center center","background-size":"auto","background-attachment":"scroll","background-type":"","background-media":"","overlay-type":"","overlay-color":"","overlay-opacity":"","overlay-gradient":""},"mobile":{"background-color":"","background-image":"","background-repeat":"repeat","background-position":"center center","background-size":"auto","background-attachment":"scroll","background-type":"","background-media":"","overlay-type":"","overlay-color":"","overlay-opacity":"","overlay-gradient":""}},"ast-content-background-meta":{"desktop":{"background-color":"var(--ast-global-color-5)","background-image":"","background-repeat":"repeat","background-position":"center center","background-size":"auto","background-attachment":"scroll","background-type":"","background-media":"","overlay-type":"","overlay-color":"","overlay-opacity":"","overlay-gradient":""},"tablet":{"background-color":"var(--ast-global-color-5)","background-image":"","background-repeat":"repeat","background-position":"center center","background-size":"auto","background-attachment":"scroll","background-type":"","background-media":"","overlay-type":"","overlay-color":"","overlay-opacity":"","overlay-gradient":""},"mobile":{"background-color":"var(--ast-global-color-5)","background-image":"","background-repeat":"repeat","background-position":"center center","background-size":"auto","background-attachment":"scroll","background-type":"","background-media":"","overlay-type":"","overlay-color":"","overlay-opacity":"","overlay-gradient":""}},"footnotes":""},"class_list":["post-1647","page","type-page","status-publish","hentry"],"uagb_featured_image_src":{"full":false,"thumbnail":false,"medium":false,"medium_large":false,"large":false,"1536x1536":false,"2048x2048":false},"uagb_author_info":{"display_name":"SilverEconomy","author_link":"https:\/\/www.silvereco.org\/en\/author\/enredac26\/"},"uagb_comment_info":0,"uagb_excerpt":"Founder of\u00a0silvereco.org\/en (formerly\u00a0g\u00e9rontechnologie.net), J\u00e9r\u00f4me PIGNIEZ\u00a0animates this site as responsible for the publication: he and his team make a permanent watch on the Silver Economy, write articles, coordinate and submit proposals for articles to various editors. Expert in the field of technologies for autonomy and the Silver Economy, Jerome PIGNIEZ is regularly invited to speak at&hellip;","_links":{"self":[{"href":"https:\/\/www.silvereco.org\/en\/wp-json\/wp\/v2\/pages\/1647","targetHints":{"allow":["GET"]}}],"collection":[{"href":"https:\/\/www.silvereco.org\/en\/wp-json\/wp\/v2\/pages"}],"about":[{"href":"https:\/\/www.silvereco.org\/en\/wp-json\/wp\/v2\/types\/page"}],"author":[{"embeddable":true,"href":"https:\/\/www.silvereco.org\/en\/wp-json\/wp\/v2\/users\/33"}],"replies":[{"embeddable":true,"href":"https:\/\/www.silvereco.org\/en\/wp-json\/wp\/v2\/comments?post=1647"}],"version-history":[{"count":1,"href":"https:\/\/www.silvereco.org\/en\/wp-json\/wp\/v2\/pages\/1647\/revisions"}],"predecessor-version":[{"id":48188,"href":"https:\/\/www.silvereco.org\/en\/wp-json\/wp\/v2\/pages\/1647\/revisions\/48188"}],"wp:attachment":[{"href":"https:\/\/www.silvereco.org\/en\/wp-json\/wp\/v2\/media?parent=1647"}],"curies":[{"name":"wp","href":"https:\/\/api.w.org\/{rel}","templated":true}]}}